{"id":1086,"date":"2025-02-07T05:35:40","date_gmt":"2025-02-07T05:35:40","guid":{"rendered":"https:\/\/license.oneclickjapan.com\/7-eleven-handbuch-drucken\/"},"modified":"2026-04-05T12:55:18","modified_gmt":"2026-04-05T12:55:18","slug":"7-eleven-druckanleitung","status":"publish","type":"page","link":"https:\/\/license.oneclickjapan.com\/de\/7-eleven-druckanleitung\/","title":{"rendered":"7-Eleven Druckanleitung"},"content":{"rendered":"\t\t<div data-elementor-type=\"wp-page\" data-elementor-id=\"1086\" class=\"elementor elementor-1086 elementor-1044\" data-elementor-post-type=\"page\">\n\t\t\t\t\t\t<section class=\"elementor-section elementor-top-section elementor-element elementor-element-47f4e6f6 elementor-section-boxed elementor-section-height-default elementor-section-height-default\" data-id=\"47f4e6f6\" data-element_type=\"section\" data-e-type=\"section\">\n\t\t\t\t\t\t<div class=\"elementor-container elementor-column-gap-default\">\n\t\t\t\t\t<div class=\"elementor-column elementor-col-100 elementor-top-column elementor-element elementor-element-9f9e77a\" data-id=\"9f9e77a\" data-element_type=\"column\" data-e-type=\"column\">\n\t\t\t<div class=\"elementor-widget-wrap elementor-element-populated\">\n\t\t\t\t\t\t<div class=\"elementor-element elementor-element-34e53e4 elementor-widget elementor-widget-heading\" data-id=\"34e53e4\" data-element_type=\"widget\" data-e-type=\"widget\" data-widget_type=\"heading.default\">\n\t\t\t\t<div class=\"elementor-widget-container\">\n\t\t\t\t\t<h2 class=\"elementor-heading-title elementor-size-default\">Wie Sie Ihre F\u00fchrerschein\u00fcbersetzung <br>im 7-Eleven ausdrucken<\/h2>\t\t\t\t<\/div>\n\t\t\t\t<\/div>\n\t\t\t\t\t<\/div>\n\t\t<\/div>\n\t\t\t\t\t<\/div>\n\t\t<\/section>\n\t\t<div class=\"elementor-element elementor-element-a47167d e-flex e-con-boxed e-con e-parent\" data-id=\"a47167d\" data-element_type=\"container\" data-e-type=\"container\">\n\t\t\t\t\t<div class=\"e-con-inner\">\n\t\t\t\t<div class=\"elementor-element elementor-element-8d4ff77 elementor-widget elementor-widget-text-editor\" data-id=\"8d4ff77\" data-element_type=\"widget\" data-e-type=\"widget\" data-widget_type=\"text-editor.default\">\n\t\t\t\t<div class=\"elementor-widget-container\">\n\t\t\t\t\t\t\t\t\t<p>Es gibt mehr als 21.600 7-Eleven-Filialen in Japan. Das bedeutet, dass Sie eine dieser Filialen leicht finden werden, um Ihre JAF-F\u00fchrerschein\u00fcbersetzung auszudrucken. Auf dem Bild unten sehen Sie, wie eine 7-Eleven-Filiale aussieht.<\/p><p><img fetchpriority=\"high\" decoding=\"async\" class=\"aligncenter wp-image-1045 size-large\" src=\"https:\/\/license.oneclickjapan.com\/wp-content\/uploads\/2025\/02\/jaf-code-drivers-license-7-eleven-1024x768.jpg\" alt=\"jaf code f\u00fchrerschein 7 elf\" width=\"800\" height=\"600\" srcset=\"https:\/\/license.oneclickjapan.com\/wp-content\/uploads\/2025\/02\/jaf-code-drivers-license-7-eleven-1024x768.jpg 1024w, https:\/\/license.oneclickjapan.com\/wp-content\/uploads\/2025\/02\/jaf-code-drivers-license-7-eleven-300x225.jpg 300w, https:\/\/license.oneclickjapan.com\/wp-content\/uploads\/2025\/02\/jaf-code-drivers-license-7-eleven-768x576.jpg 768w, https:\/\/license.oneclickjapan.com\/wp-content\/uploads\/2025\/02\/jaf-code-drivers-license-7-eleven-1536x1152.jpg 1536w, https:\/\/license.oneclickjapan.com\/wp-content\/uploads\/2025\/02\/jaf-code-drivers-license-7-eleven-2048x1536.jpg 2048w\" sizes=\"(max-width: 800px) 100vw, 800px\" \/><\/p><p>Au\u00dferdem finden <a href=\"https:\/\/www.locationsmart.org\/e_index.php?tag=_shopping_conveni_seven\" target=\"_blank\" rel=\"noopener\">Sie hier eine Karte<\/a>, die Ihnen den n\u00e4chstgelegenen 7-Eleven zeigt.<\/p><p data-sourcepos=\"3:1-3:42\"><strong>1. Suchen Sie den Multikopierer im 7-Eleven<\/strong><\/p><p data-sourcepos=\"5:1-5:82\">Die meisten 7-Eleven-Filialen verf\u00fcgen \u00fcber einen Multikopierer. Sehen Sie sich das Bild unten an, um ihn zu identifizieren.<\/p><p data-sourcepos=\"5:1-5:82\"><img decoding=\"async\" class=\"alignnone wp-image-1050 size-full\" src=\"https:\/\/license.oneclickjapan.com\/wp-content\/uploads\/2025\/02\/Screenshot-2025-02-07-044424.png\" alt=\"Multikopierer 7-eleven\" width=\"395\" height=\"254\" srcset=\"https:\/\/license.oneclickjapan.com\/wp-content\/uploads\/2025\/02\/Screenshot-2025-02-07-044424.png 395w, https:\/\/license.oneclickjapan.com\/wp-content\/uploads\/2025\/02\/Screenshot-2025-02-07-044424-300x193.png 300w\" sizes=\"(max-width: 395px) 100vw, 395px\" \/><\/p><p data-sourcepos=\"7:1-7:52\"><strong>2. W\u00e4hlen Sie &#8222;Englisch&#8220; als Ihre bevorzugte Sprache.<\/strong><\/p><ul data-sourcepos=\"8:1-10:0\"><li data-sourcepos=\"8:1-8:28\">Dr\u00fccken Sie die Taste &#8222;Drucken&#8220;.<\/li><li data-sourcepos=\"9:1-10:0\">Ein neues Men\u00fc wird angezeigt. W\u00e4hlen Sie &#8222;Netprint&#8220;.<\/li><\/ul><p><img decoding=\"async\" class=\"alignnone size-full wp-image-1055\" src=\"https:\/\/license.oneclickjapan.com\/wp-content\/uploads\/2025\/02\/Screenshot-2025-02-07-044431.png\" alt=\"F\u00fchrerschein drucken 7-eleven\" width=\"720\" height=\"237\" srcset=\"https:\/\/license.oneclickjapan.com\/wp-content\/uploads\/2025\/02\/Screenshot-2025-02-07-044431.png 720w, https:\/\/license.oneclickjapan.com\/wp-content\/uploads\/2025\/02\/Screenshot-2025-02-07-044431-300x99.png 300w\" sizes=\"(max-width: 720px) 100vw, 720px\" \/><\/p><p data-sourcepos=\"11:1-11:47\"><strong>3. Pr\u00fcfen Sie die Nutzungsbedingungen und klicken Sie auf &#8222;OK&#8220;.<\/strong><\/p><ul data-sourcepos=\"12:1-14:0\"><li data-sourcepos=\"12:1-12:68\">Geben Sie auf dem n\u00e4chsten Bildschirm den 8-stelligen Code ein, den wir Ihnen per E-Mail geschickt haben.<\/li><li data-sourcepos=\"13:1-14:0\">Dr\u00fccken Sie &#8222;OK&#8220;.<\/li><\/ul><p><img loading=\"lazy\" decoding=\"async\" class=\"alignnone size-full wp-image-1060\" src=\"https:\/\/license.oneclickjapan.com\/wp-content\/uploads\/2025\/02\/Screenshot-2025-02-07-044438.png\" alt=\"7-eleven Drucker Code\" width=\"730\" height=\"287\" srcset=\"https:\/\/license.oneclickjapan.com\/wp-content\/uploads\/2025\/02\/Screenshot-2025-02-07-044438.png 730w, https:\/\/license.oneclickjapan.com\/wp-content\/uploads\/2025\/02\/Screenshot-2025-02-07-044438-300x118.png 300w\" sizes=\"(max-width: 730px) 100vw, 730px\" \/><\/p><p data-sourcepos=\"15:1-15:98\"><strong>4. Eine Vorschau der \u00dcbersetzung Ihres F\u00fchrerscheins wird auf der rechten Seite des Bildschirms angezeigt.<\/strong><\/p><ul data-sourcepos=\"16:1-20:0\"><li data-sourcepos=\"16:1-16:38\">Dr\u00fccken Sie die Schaltfl\u00e4che &#8222;Speichern &amp; Weiter&#8220;.<\/li><li data-sourcepos=\"17:1-17:115\">Legen Sie die erforderliche Geb\u00fchr ein. Sie betr\u00e4gt 40 Yen &#8211; es sind zwei Seiten zu drucken, eine Seite kostet je 20 Yen.<\/li><li data-sourcepos=\"18:1-18:157\">Der Automat nimmt nur 10, 50, 100 und 500 Yen M\u00fcnzen an. Wenn Sie keine M\u00fcnzen haben, k\u00f6nnen Sie das 7-Eleven-Personal bitten, Ihre gr\u00f6\u00dferen Scheine in M\u00fcnzen umzutauschen.<\/li><li data-sourcepos=\"19:1-20:0\">Klicken Sie auf die Schaltfl\u00e4che &#8222;Start&#8220;.<\/li><\/ul><p data-sourcepos=\"21:1-21:52\"><img loading=\"lazy\" decoding=\"async\" class=\"alignnone size-full wp-image-1065\" src=\"https:\/\/license.oneclickjapan.com\/wp-content\/uploads\/2025\/02\/Screenshot-2025-02-07-044445.png\" alt=\"F\u00fchrerschein drucken \u00dcbersetzung\" width=\"671\" height=\"249\" srcset=\"https:\/\/license.oneclickjapan.com\/wp-content\/uploads\/2025\/02\/Screenshot-2025-02-07-044445.png 671w, https:\/\/license.oneclickjapan.com\/wp-content\/uploads\/2025\/02\/Screenshot-2025-02-07-044445-300x111.png 300w\" sizes=\"(max-width: 671px) 100vw, 671px\" \/><\/p><p data-sourcepos=\"21:1-21:52\"><strong>5. Ihre \u00dcbersetzung wird gerade gedruckt.<\/strong><\/p><ul data-sourcepos=\"22:1-25:0\"><li data-sourcepos=\"22:1-22:25\">Bitte warten Sie geduldig.<\/li><li data-sourcepos=\"23:1-23:36\">Dr\u00fccken Sie nicht auf die Schaltfl\u00e4che &#8222;Abbrechen&#8220;.<\/li><li data-sourcepos=\"24:1-25:0\">Wenn der Druckvorgang abgeschlossen ist, sammeln Sie Ihr gedrucktes Dokument ein und dr\u00fccken Sie auf die Schaltfl\u00e4che &#8222;End&#8220;.<\/li><\/ul><p><img loading=\"lazy\" decoding=\"async\" class=\"alignnone size-full wp-image-1070\" src=\"https:\/\/license.oneclickjapan.com\/wp-content\/uploads\/2025\/02\/Screenshot-2025-02-07-044452.png\" alt=\"7-eleven F\u00fchrerschein\" width=\"654\" height=\"216\" srcset=\"https:\/\/license.oneclickjapan.com\/wp-content\/uploads\/2025\/02\/Screenshot-2025-02-07-044452.png 654w, https:\/\/license.oneclickjapan.com\/wp-content\/uploads\/2025\/02\/Screenshot-2025-02-07-044452-300x99.png 300w\" sizes=\"(max-width: 654px) 100vw, 654px\" \/><\/p>\t\t\t\t\t\t\t\t<\/div>\n\t\t\t\t<\/div>\n\t\t\t\t\t<\/div>\n\t\t\t\t<\/div>\n\t\t<div class=\"elementor-element elementor-element-226eaf0 e-flex e-con-boxed e-con e-parent\" data-id=\"226eaf0\" data-element_type=\"container\" data-e-type=\"container\">\n\t\t\t\t\t<div class=\"e-con-inner\">\n\t\t\t\t<div class=\"elementor-element elementor-element-b204b97 elementor-cta--skin-cover elementor-animated-content elementor-bg-transform elementor-bg-transform-zoom-in elementor-widget elementor-widget-call-to-action\" data-id=\"b204b97\" data-element_type=\"widget\" data-e-type=\"widget\" data-widget_type=\"call-to-action.default\">\n\t\t\t\t<div class=\"elementor-widget-container\">\n\t\t\t\t\t\t\t<div class=\"elementor-cta\">\n\t\t\t\t\t<div class=\"elementor-cta__bg-wrapper\">\n\t\t\t\t<div class=\"elementor-cta__bg elementor-bg\" style=\"background-image: url(https:\/\/license.oneclickjapan.com\/wp-content\/uploads\/2024\/08\/note-thanun-H1zPQlGb77o-unsplash-1024x771.jpg);\" role=\"img\" aria-label=\"driving in japan drivers license translation\"><\/div>\n\t\t\t\t<div class=\"elementor-cta__bg-overlay\"><\/div>\n\t\t\t<\/div>\n\t\t\t\t\t\t\t<div class=\"elementor-cta__content\">\n\t\t\t\t\n\t\t\t\t\t\t\t\t\t<h2 class=\"elementor-cta__title elementor-cta__content-item elementor-content-item elementor-animated-item--grow\">\n\t\t\t\t\t\tBestellen Sie Ihre \u00dcbersetzung noch heute\t\t\t\t\t<\/h2>\n\t\t\t\t\n\t\t\t\t\n\t\t\t\t\t\t\t\t\t<div class=\"elementor-cta__button-wrapper elementor-cta__content-item elementor-content-item elementor-animated-item--grow\">\n\t\t\t\t\t<a class=\"elementor-cta__button elementor-button elementor-size-\" href=\"https:\/\/license.oneclickjapan.com\/de\/anwenden\/\">\n\t\t\t\t\t\tKlicken Sie hier\t\t\t\t\t<\/a>\n\t\t\t\t\t<\/div>\n\t\t\t\t\t\t\t<\/div>\n\t\t\t\t\t\t<\/div>\n\t\t\t\t\t\t<\/div>\n\t\t\t\t<\/div>\n\t\t\t\t\t<\/div>\n\t\t\t\t<\/div>\n\t\t\t\t<\/div>\n\t\t","protected":false},"excerpt":{"rendered":"<p>Wie Sie Ihre F\u00fchrerschein\u00fcbersetzung im 7-Eleven ausdrucken Es gibt mehr als 21.600 7-Eleven-Filialen in Japan. Das bedeutet, dass Sie eine dieser Filialen leicht finden werden, um Ihre JAF-F\u00fchrerschein\u00fcbersetzung auszudrucken. Auf dem Bild unten sehen Sie, wie eine 7-Eleven-Filiale aussieht. Au\u00dferdem finden Sie hier eine Karte, die Ihnen den n\u00e4chstgelegenen 7-Eleven zeigt. 1. Suchen Sie den [&hellip;]<\/p>\n","protected":false},"author":1,"featured_media":0,"parent":0,"menu_order":0,"comment_status":"closed","ping_status":"closed","template":"elementor_header_footer","meta":{"footnotes":""},"class_list":["post-1086","page","type-page","status-publish","hentry"],"_links":{"self":[{"href":"https:\/\/license.oneclickjapan.com\/de\/wp-json\/wp\/v2\/pages\/1086","targetHints":{"allow":["GET"]}}],"collection":[{"href":"https:\/\/license.oneclickjapan.com\/de\/wp-json\/wp\/v2\/pages"}],"about":[{"href":"https:\/\/license.oneclickjapan.com\/de\/wp-json\/wp\/v2\/types\/page"}],"author":[{"embeddable":true,"href":"https:\/\/license.oneclickjapan.com\/de\/wp-json\/wp\/v2\/users\/1"}],"replies":[{"embeddable":true,"href":"https:\/\/license.oneclickjapan.com\/de\/wp-json\/wp\/v2\/comments?post=1086"}],"version-history":[{"count":13,"href":"https:\/\/license.oneclickjapan.com\/de\/wp-json\/wp\/v2\/pages\/1086\/revisions"}],"predecessor-version":[{"id":2123,"href":"https:\/\/license.oneclickjapan.com\/de\/wp-json\/wp\/v2\/pages\/1086\/revisions\/2123"}],"wp:attachment":[{"href":"https:\/\/license.oneclickjapan.com\/de\/wp-json\/wp\/v2\/media?parent=1086"}],"curies":[{"name":"wp","href":"https:\/\/api.w.org\/{rel}","templated":true}]}}