{"id":1218,"date":"2025-02-20T02:51:36","date_gmt":"2025-02-20T02:51:36","guid":{"rendered":"https:\/\/license.oneclickjapan.com\/versandmethoden\/"},"modified":"2025-02-20T03:00:12","modified_gmt":"2025-02-20T03:00:12","slug":"versandmethoden","status":"publish","type":"page","link":"https:\/\/license.oneclickjapan.com\/de\/versandmethoden\/","title":{"rendered":"Versandmethoden"},"content":{"rendered":"\t\t<div data-elementor-type=\"wp-page\" data-elementor-id=\"1218\" class=\"elementor elementor-1218 elementor-1209\" data-elementor-post-type=\"page\">\n\t\t\t\t\t\t<section class=\"elementor-section elementor-top-section elementor-element elementor-element-47f4e6f6 elementor-section-boxed elementor-section-height-default elementor-section-height-default\" data-id=\"47f4e6f6\" data-element_type=\"section\" data-e-type=\"section\">\n\t\t\t\t\t\t<div class=\"elementor-container elementor-column-gap-default\">\n\t\t\t\t\t<div class=\"elementor-column elementor-col-100 elementor-top-column elementor-element elementor-element-9f9e77a\" data-id=\"9f9e77a\" data-element_type=\"column\" data-e-type=\"column\">\n\t\t\t<div class=\"elementor-widget-wrap elementor-element-populated\">\n\t\t\t\t\t\t<div class=\"elementor-element elementor-element-34e53e4 elementor-widget elementor-widget-heading\" data-id=\"34e53e4\" data-element_type=\"widget\" data-e-type=\"widget\" data-widget_type=\"heading.default\">\n\t\t\t\t<div class=\"elementor-widget-container\">\n\t\t\t\t\t<h2 class=\"elementor-heading-title elementor-size-default\">Welche Versandart sollte ich f\u00fcr meine \u00dcbersetzung des japanischen F\u00fchrerscheins w\u00e4hlen?<\/h2>\t\t\t\t<\/div>\n\t\t\t\t<\/div>\n\t\t\t\t\t<\/div>\n\t\t<\/div>\n\t\t\t\t\t<\/div>\n\t\t<\/section>\n\t\t<div class=\"elementor-element elementor-element-a47167d e-flex e-con-boxed e-con e-parent\" data-id=\"a47167d\" data-element_type=\"container\" data-e-type=\"container\">\n\t\t\t\t\t<div class=\"e-con-inner\">\n\t\t\t\t<div class=\"elementor-element elementor-element-8d4ff77 elementor-widget elementor-widget-text-editor\" data-id=\"8d4ff77\" data-element_type=\"widget\" data-e-type=\"widget\" data-widget_type=\"text-editor.default\">\n\t\t\t\t<div class=\"elementor-widget-container\">\n\t\t\t\t\t\t\t\t\t<div id=\"model-response-message-contentr_a21bf25a13787bd3\" class=\"markdown markdown-main-panel\" dir=\"ltr\">\n<p data-sourcepos=\"3:1-3:244\">Die Wahl der richtigen Versandart f\u00fcr die \u00dcbersetzung Ihres japanischen F\u00fchrerscheins h\u00e4ngt von Ihrem Zeitplan und Ihren Bed\u00fcrfnissen ab. Wir bieten verschiedene Optionen an, damit Sie Ihre \u00dcbersetzung rechtzeitig erhalten. Hier finden Sie eine \u00dcbersicht \u00fcber die verf\u00fcgbaren Versandmethoden:  <\/p>\n<p data-sourcepos=\"5:1-5:63\"><strong>1. EMS-Versand (Express Mail Service) &#8211; Die schnellste Option<\/strong><\/p>\n<p data-sourcepos=\"7:1-7:289\">Sie ben\u00f6tigen Ihre \u00dcbersetzung so schnell wie m\u00f6glich? Dann ist der EMS-Versand die ideale Wahl. Im Durchschnitt dauert die Lieferung etwa 12 Tage ab Auftragserteilung. Wenn Sie also planen, innerhalb eines Monats nach der Bestellung nach Japan zu reisen und die \u00dcbersetzung direkt bei sich haben m\u00f6chten, ist diese Option empfehlenswert.   <\/p>\n<p data-sourcepos=\"9:1-9:38\"><strong>2. Internationaler Standardversand<\/strong><\/p>\n<p data-sourcepos=\"11:1-11:378\">Diese Option eignet sich, wenn Ihr Besuch in Japan etwas weiter in der Zukunft liegt (ca. 2 Monate ab dem Bestelldatum). <strong>Wichtiger Hinweis f\u00fcr Deutschland:<\/strong> Die Zollabfertigung in Frankfurt nimmt oft viel Zeit in Anspruch, was die Lieferung verz\u00f6gern kann. Rechnen Sie mit etwa 25 Tagen, bis der Brief ankommt. F\u00fcr Frankreich, Belgien und die Schweiz ist der Zoll in der Regel schneller, und die Lieferung erfolgt entsprechend fr\u00fcher.  <\/p>\n<p data-sourcepos=\"13:1-13:46\"><strong>3. Lieferung an Ihre Unterkunft in Japan<\/strong><\/p>\n<p data-sourcepos=\"15:1-15:398\">Wenn Sie bereits wissen, wo Sie \u00fcbernachten werden und die \u00dcbersetzung direkt an Ihr Hotel oder Airbnb geschickt bekommen m\u00f6chten, ist diese Option empfehlenswert. Achten Sie jedoch bitte darauf, dass Sie die Bestellung rechtzeitig aufgeben, da die JAF (Japan Automobile Federation) manchmal sehr besch\u00e4ftigt ist und sich die Bearbeitung verz\u00f6gern kann. Als Faustregel gilt, dass es gut w\u00e4re, wenn Sie die Bestellung mindestens 14 Tage vor Ihrer Ankunft aufgeben.  <\/p>\n<p data-sourcepos=\"17:1-17:29\"><strong>4. Selbstdrucken bei 7-Eleven<\/strong><\/p>\n<p data-sourcepos=\"19:1-19:694\">Sie reisen in ein paar Tagen nach Japan und haben noch keine \u00dcbersetzung Ihres F\u00fchrerscheins dabei? Dann ist diese Option perfekt f\u00fcr Sie! Nach Ihrer Ankunft k\u00f6nnen Sie Ihre \u00dcbersetzung einfach selbst mit einem Code in einem der vielen 7-Eleven-L\u00e4den ausdrucken. Das Selbstausdrucken ist nat\u00fcrlich auch ideal f\u00fcr alle, die \u00fcber ein kleines Budget verf\u00fcgen, denn diese Option ist die g\u00fcnstigste. <a href=\"https:\/\/license.oneclickjapan.com\/de\/7-eleven-druckanleitung\/\">Hier finden Sie unsere Anleitung, wie Sie Ihre japanische F\u00fchrerschein\u00fcbersetzung bei 7-Eleven selbst ausdrucken<\/a> k\u00f6nnen. Idealerweise schicken Sie uns Ihre Bestellung mindestens eine Woche vor Ihrer Ankunft in Japan, da die JAF nur an Wochentagen (Montag bis Freitag) arbeitet und dazwischen ein Feiertag liegen kann. Bei Anfragen, die weniger als eine Woche im Voraus eingehen, k\u00f6nnen wir eine rechtzeitige Bearbeitung nicht garantieren (wir tun nat\u00fcrlich unser Bestes, und in der Regel klappt es auch).     <\/p>\n<\/div>\n\t\t\t\t\t\t\t\t<\/div>\n\t\t\t\t<\/div>\n\t\t\t\t\t<\/div>\n\t\t\t\t<\/div>\n\t\t<div class=\"elementor-element elementor-element-226eaf0 e-flex e-con-boxed e-con e-parent\" data-id=\"226eaf0\" data-element_type=\"container\" data-e-type=\"container\">\n\t\t\t\t\t<div class=\"e-con-inner\">\n\t\t\t\t<div class=\"elementor-element elementor-element-b204b97 elementor-cta--skin-cover elementor-animated-content elementor-bg-transform elementor-bg-transform-zoom-in elementor-widget elementor-widget-call-to-action\" data-id=\"b204b97\" data-element_type=\"widget\" data-e-type=\"widget\" data-widget_type=\"call-to-action.default\">\n\t\t\t\t<div class=\"elementor-widget-container\">\n\t\t\t\t\t\t\t<div class=\"elementor-cta\">\n\t\t\t\t\t<div class=\"elementor-cta__bg-wrapper\">\n\t\t\t\t<div class=\"elementor-cta__bg elementor-bg\" style=\"background-image: url(https:\/\/license.oneclickjapan.com\/wp-content\/uploads\/2024\/08\/note-thanun-H1zPQlGb77o-unsplash-1024x771.jpg);\" role=\"img\" aria-label=\"driving in japan drivers license translation\"><\/div>\n\t\t\t\t<div class=\"elementor-cta__bg-overlay\"><\/div>\n\t\t\t<\/div>\n\t\t\t\t\t\t\t<div class=\"elementor-cta__content\">\n\t\t\t\t\n\t\t\t\t\t\t\t\t\t<h2 class=\"elementor-cta__title elementor-cta__content-item elementor-content-item elementor-animated-item--grow\">\n\t\t\t\t\t\tBestellen Sie Ihre \u00dcbersetzung noch heute\t\t\t\t\t<\/h2>\n\t\t\t\t\n\t\t\t\t\n\t\t\t\t\t\t\t\t\t<div class=\"elementor-cta__button-wrapper elementor-cta__content-item elementor-content-item elementor-animated-item--grow\">\n\t\t\t\t\t<a class=\"elementor-cta__button elementor-button elementor-size-\" href=\"https:\/\/license.oneclickjapan.com\/de\/anwenden\/\">\n\t\t\t\t\t\tKlicken Sie hier\t\t\t\t\t<\/a>\n\t\t\t\t\t<\/div>\n\t\t\t\t\t\t\t<\/div>\n\t\t\t\t\t\t<\/div>\n\t\t\t\t\t\t<\/div>\n\t\t\t\t<\/div>\n\t\t\t\t\t<\/div>\n\t\t\t\t<\/div>\n\t\t\t\t<\/div>\n\t\t","protected":false},"excerpt":{"rendered":"<p>Welche Versandart sollte ich f\u00fcr meine \u00dcbersetzung des japanischen F\u00fchrerscheins w\u00e4hlen? Die Wahl der richtigen Versandart f\u00fcr die \u00dcbersetzung Ihres japanischen F\u00fchrerscheins h\u00e4ngt von Ihrem Zeitplan und Ihren Bed\u00fcrfnissen ab. Wir bieten verschiedene Optionen an, damit Sie Ihre \u00dcbersetzung rechtzeitig erhalten. Hier finden Sie eine \u00dcbersicht \u00fcber die verf\u00fcgbaren Versandmethoden: 1. EMS-Versand (Express Mail Service) [&hellip;]<\/p>\n","protected":false},"author":1,"featured_media":0,"parent":0,"menu_order":0,"comment_status":"closed","ping_status":"closed","template":"elementor_header_footer","meta":{"footnotes":""},"class_list":["post-1218","page","type-page","status-publish","hentry"],"_links":{"self":[{"href":"https:\/\/license.oneclickjapan.com\/de\/wp-json\/wp\/v2\/pages\/1218","targetHints":{"allow":["GET"]}}],"collection":[{"href":"https:\/\/license.oneclickjapan.com\/de\/wp-json\/wp\/v2\/pages"}],"about":[{"href":"https:\/\/license.oneclickjapan.com\/de\/wp-json\/wp\/v2\/types\/page"}],"author":[{"embeddable":true,"href":"https:\/\/license.oneclickjapan.com\/de\/wp-json\/wp\/v2\/users\/1"}],"replies":[{"embeddable":true,"href":"https:\/\/license.oneclickjapan.com\/de\/wp-json\/wp\/v2\/comments?post=1218"}],"version-history":[{"count":1,"href":"https:\/\/license.oneclickjapan.com\/de\/wp-json\/wp\/v2\/pages\/1218\/revisions"}],"predecessor-version":[{"id":1219,"href":"https:\/\/license.oneclickjapan.com\/de\/wp-json\/wp\/v2\/pages\/1218\/revisions\/1219"}],"wp:attachment":[{"href":"https:\/\/license.oneclickjapan.com\/de\/wp-json\/wp\/v2\/media?parent=1218"}],"curies":[{"name":"wp","href":"https:\/\/api.w.org\/{rel}","templated":true}]}}