{"id":1514,"date":"2025-06-06T08:28:25","date_gmt":"2025-06-06T08:28:25","guid":{"rendered":"https:\/\/license.oneclickjapan.com\/?page_id=1514"},"modified":"2025-06-06T08:37:17","modified_gmt":"2025-06-06T08:37:17","slug":"auto-mieten-japan","status":"publish","type":"page","link":"https:\/\/license.oneclickjapan.com\/de\/auto-mieten-japan\/","title":{"rendered":"Auto mieten in Japan \u2013 Was Sie als Deutsche:r oder Schweizer:in unbedingt wissen sollten"},"content":{"rendered":"\t\t<div data-elementor-type=\"wp-page\" data-elementor-id=\"1514\" class=\"elementor elementor-1514\" data-elementor-post-type=\"page\">\n\t\t\t\t\t\t<section class=\"elementor-section elementor-top-section elementor-element elementor-element-47f4e6f6 elementor-section-boxed elementor-section-height-default elementor-section-height-default\" data-id=\"47f4e6f6\" data-element_type=\"section\" data-e-type=\"section\">\n\t\t\t\t\t\t<div class=\"elementor-container elementor-column-gap-default\">\n\t\t\t\t\t<div class=\"elementor-column elementor-col-100 elementor-top-column elementor-element elementor-element-9f9e77a\" data-id=\"9f9e77a\" data-element_type=\"column\" data-e-type=\"column\">\n\t\t\t<div class=\"elementor-widget-wrap elementor-element-populated\">\n\t\t\t\t\t\t<div class=\"elementor-element elementor-element-34e53e4 elementor-widget elementor-widget-heading\" data-id=\"34e53e4\" data-element_type=\"widget\" data-e-type=\"widget\" data-widget_type=\"heading.default\">\n\t\t\t\t<div class=\"elementor-widget-container\">\n\t\t\t\t\t<h2 class=\"elementor-heading-title elementor-size-default\">\ud83d\ude97 Auto mieten in Japan \u2013 Was Sie als Deutsche:r oder Schweizer:in unbedingt wissen sollten<\/h2>\t\t\t\t<\/div>\n\t\t\t\t<\/div>\n\t\t\t\t\t<\/div>\n\t\t<\/div>\n\t\t\t\t\t<\/div>\n\t\t<\/section>\n\t\t<div class=\"elementor-element elementor-element-4d7f51f e-flex e-con-boxed e-con e-parent\" data-id=\"4d7f51f\" data-element_type=\"container\" data-e-type=\"container\">\n\t\t\t\t\t<div class=\"e-con-inner\">\n\t\t\t\t<div class=\"elementor-element elementor-element-065b739 elementor-widget elementor-widget-text-editor\" data-id=\"065b739\" data-element_type=\"widget\" data-e-type=\"widget\" data-widget_type=\"text-editor.default\">\n\t\t\t\t<div class=\"elementor-widget-container\">\n\t\t\t\t\t\t\t\t\t<h4 data-start=\"458\" data-end=\"846\">M\u00f6chten Sie in Japan flexibel und unabh\u00e4ngig reisen? Ein Mietwagen bietet Ihnen die M\u00f6glichkeit, das Land ganz entspannt auf eigene Faust zu entdecken \u2013 ob verschneite Bergd\u00f6rfer, geheime Onsen oder abgelegene K\u00fcstenstra\u00dfen. Doch viele Reisende aus Deutschland oder der Schweiz wissen nicht, dass sie <strong data-start=\"759\" data-end=\"808\">ohne eine offizielle F\u00fchrerschein-\u00dcbersetzung<\/strong> in Japan <strong data-start=\"818\" data-end=\"845\">kein Auto mieten d\u00fcrfen<\/strong>.<\/h4><h4 data-start=\"848\" data-end=\"932\"><strong data-start=\"848\" data-end=\"932\">Gut zu wissen: Der deutsche oder schweizer F\u00fchrerschein allein reicht nicht aus.<\/strong><\/h4><hr data-start=\"934\" data-end=\"937\" \/><h2 data-start=\"939\" data-end=\"1005\">\ud83c\uddef\ud83c\uddf5 Warum Sie f\u00fcr Japan eine F\u00fchrerschein-\u00dcbersetzung brauchen<\/h2><h4 data-start=\"1007\" data-end=\"1386\">Japan erkennt <strong data-start=\"1021\" data-end=\"1060\">keinen internationalen F\u00fchrerschein<\/strong> aus Deutschland oder der Schweiz an. Stattdessen verlangt das Land eine <strong data-start=\"1133\" data-end=\"1159\">offizielle \u00dcbersetzung<\/strong> Ihres nationalen F\u00fchrerscheins ins Japanische. Ohne diese \u00dcbersetzung <strong data-start=\"1230\" data-end=\"1261\">k\u00f6nnen Sie kein Auto mieten<\/strong>, und auch im Falle einer Verkehrskontrolle oder eines Unfalls gelten Sie als \u201enicht im Besitz einer g\u00fcltigen Fahrerlaubnis\u201c.<\/h4><hr data-start=\"1388\" data-end=\"1391\" \/><h2 data-start=\"1393\" data-end=\"1454\">\u2705 Die L\u00f6sung: F\u00fchrerschein-\u00dcbersetzung mit One Click Japan<\/h2><h4 data-start=\"1456\" data-end=\"1734\">Bei <strong data-start=\"1460\" data-end=\"1479\">One Click Japan<\/strong> erhalten Sie eine <strong data-start=\"1498\" data-end=\"1534\">offiziell anerkannte \u00dcbersetzung<\/strong> Ihres deutschen oder schweizerischen F\u00fchrerscheins \u2013 direkt von der <strong data-start=\"1603\" data-end=\"1640\">Japan Automobile Federation (JAF)<\/strong>. Diese wird von <strong data-start=\"1657\" data-end=\"1733\">allen Autovermietern, der Polizei und Versicherungen in Japan akzeptiert<\/strong>.<\/h4><h4 data-start=\"1736\" data-end=\"1764\"><strong data-start=\"1736\" data-end=\"1764\">Unsere Vorteile f\u00fcr Sie:<\/strong><\/h4><ul data-start=\"1765\" data-end=\"2023\"><li data-start=\"1765\" data-end=\"1819\"><h4 data-start=\"1767\" data-end=\"1819\">\ud83c\udf10 Einfach online bestellen \u2013 in nur wenigen Minuten<\/h4><\/li><li data-start=\"1820\" data-end=\"1897\"><h4 data-start=\"1822\" data-end=\"1897\">\ud83d\udce6 Lieferung nach Hause, ins Hotel oder als Selbstdruck (7-Eleven in Japan)<\/h4><\/li><li data-start=\"1898\" data-end=\"1947\"><h4 data-start=\"1900\" data-end=\"1947\">\ud83d\udcb6 Ab 49\u202f\u20ac \u2013 transparent, schnell &amp; zuverl\u00e4ssig<\/h4><\/li><li data-start=\"1948\" data-end=\"2023\"><h4 data-start=\"1950\" data-end=\"2023\">\ud83d\udcaf Offiziell von der JAF \u2013 keine Billigkopien, keine b\u00f6sen \u00dcberraschungen<\/h4><\/li><\/ul><h4 data-start=\"2025\" data-end=\"2119\">\ud83d\udc49 <a class=\"\" href=\"https:\/\/license.oneclickjapan.com\/de\/\" target=\"_new\" rel=\"noopener\" data-start=\"2028\" data-end=\"2119\">Jetzt F\u00fchrerschein-\u00dcbersetzung f\u00fcr Japan bestellen<\/a><\/h4><hr data-start=\"2121\" data-end=\"2124\" \/><h2 data-start=\"2126\" data-end=\"2166\">\ud83d\ude99 Vorteile eines Mietwagens in Japan<\/h2><h4 data-start=\"2168\" data-end=\"2215\">Ein Mietwagen ist besonders n\u00fctzlich, wenn Sie\u2026<\/h4><ul data-start=\"2216\" data-end=\"2470\"><li data-start=\"2216\" data-end=\"2304\"><h4 data-start=\"2218\" data-end=\"2304\">abgelegene Regionen wie die japanischen Alpen, Kyushu, Shikoku oder Hokkaido erkunden m\u00f6chten<\/h4><\/li><li data-start=\"2305\" data-end=\"2352\"><h4 data-start=\"2307\" data-end=\"2352\">mit Familie oder viel Gep\u00e4ck unterwegs sind<\/h4><\/li><li data-start=\"2353\" data-end=\"2399\"><h4 data-start=\"2355\" data-end=\"2399\">flexibel reisen und spontan halten m\u00f6chten<\/h4><\/li><li data-start=\"2400\" data-end=\"2470\"><h4 data-start=\"2402\" data-end=\"2470\">keine Lust auf \u00fcberf\u00fcllte Z\u00fcge oder eingeschr\u00e4nkte Fahrpl\u00e4ne haben<\/h4><\/li><\/ul><h4 data-start=\"2472\" data-end=\"2642\">Japan verf\u00fcgt \u00fcber exzellente Stra\u00dfen, zuverl\u00e4ssige Navigation, klare Beschilderung \u2013 und mit etwas Vorbereitung ist das Autofahren dort unkomplizierter als viele denken.<\/h4><hr data-start=\"2644\" data-end=\"2647\" \/><h2 data-start=\"2649\" data-end=\"2707\">\u2757 Checkliste: Was Sie zum Autofahren in Japan ben\u00f6tigen<\/h2><h4 data-start=\"2709\" data-end=\"2915\">\u2705 G\u00fcltiger deutscher oder schweizer F\u00fchrerschein<br data-start=\"2757\" data-end=\"2760\" \/>\u2705 Offizielle japanische \u00dcbersetzung von One Click Japan<br data-start=\"2813\" data-end=\"2816\" \/>\u2705 Reisepass<br data-start=\"2827\" data-end=\"2830\" \/>\u2705 Kreditkarte (f\u00fcr die Mietwagenbuchung)<br data-start=\"2870\" data-end=\"2873\" \/>\u2705 Optional: ECT Karte (kann man von den meisten Mietwagenfirmen ausleihen), Navigationssystem auf Englisch<\/h4><hr data-start=\"2917\" data-end=\"2920\" \/><h2 data-start=\"2922\" data-end=\"2962\">\ud83d\udd0d Autovermieter vergleichen &amp; sparen<\/h2><h4 data-start=\"2964\" data-end=\"3064\">Sie haben Ihre F\u00fchrerschein-\u00dcbersetzung schon bestellt? Perfekt! Dann geht\u2019s jetzt an den Mietwagen.<\/h4><h4 data-start=\"3066\" data-end=\"3173\">In der folgenden Tabelle finden Sie eine \u00dcbersicht der beliebtesten <strong data-start=\"3134\" data-end=\"3160\">Autovermieter in Japan<\/strong> \u2013 inklusive:<\/h4><ul data-start=\"3174\" data-end=\"3337\"><li data-start=\"3174\" data-end=\"3221\"><h4 data-start=\"3176\" data-end=\"3221\">\u2705 Fahrzeugkategorien (Kleinwagen, SUVs, Vans)<\/h4><\/li><li data-start=\"3222\" data-end=\"3245\"><h4 data-start=\"3224\" data-end=\"3245\">\u2705 Preise im Vergleich<\/h4><\/li><li data-start=\"3246\" data-end=\"3275\"><h4 data-start=\"3248\" data-end=\"3275\">\u2705 Bewertungen &amp; Konditionen<\/h4><\/li><li data-start=\"3276\" data-end=\"3337\"><h4 data-start=\"3278\" data-end=\"3337\">\u2705 Standorte (z.\u202fB. am Flughafen Narita, Osaka oder Fukuoka)<\/h4><\/li><\/ul><div id=\"c24pp-rentalcar-iframe\" style=\"width: 100%;\" data-scrollto=\"begin\">\u00a0<\/div><p><script src=\"https:\/\/files.check24.net\/widgets\/auto\/957955\/c24pp-rentalcar-iframe\/rentalcar-iframe.js\"><\/script><\/p><hr data-start=\"3502\" data-end=\"3505\" \/><p>\u00a0<\/p><h2 data-start=\"3507\" data-end=\"3542\">\ud83d\udca1 Fazit: Vorbereitung ist alles<\/h2><h4 data-start=\"3544\" data-end=\"3810\">Wer in Japan Auto fahren m\u00f6chte, braucht nicht nur Mut \u2013 sondern vor allem die richtige Dokumentation. Der wichtigste Schritt dabei ist die <strong data-start=\"3684\" data-end=\"3742\">rechtzeitige Bestellung Ihrer F\u00fchrerschein-\u00dcbersetzung<\/strong>. Denn ohne sie n\u00fctzt Ihnen auch die beste Mietwagen-Buchung nichts.<\/h4>\t\t\t\t\t\t\t\t<\/div>\n\t\t\t\t<\/div>\n\t\t\t\t\t<\/div>\n\t\t\t\t<\/div>\n\t\t<div class=\"elementor-element elementor-element-226eaf0 e-flex e-con-boxed e-con e-parent\" data-id=\"226eaf0\" data-element_type=\"container\" data-e-type=\"container\">\n\t\t\t\t\t<div class=\"e-con-inner\">\n\t\t\t\t<div class=\"elementor-element elementor-element-b204b97 elementor-cta--skin-cover elementor-animated-content elementor-bg-transform elementor-bg-transform-zoom-in elementor-widget elementor-widget-call-to-action\" data-id=\"b204b97\" data-element_type=\"widget\" data-e-type=\"widget\" data-widget_type=\"call-to-action.default\">\n\t\t\t\t<div class=\"elementor-widget-container\">\n\t\t\t\t\t\t\t<div class=\"elementor-cta\">\n\t\t\t\t\t<div class=\"elementor-cta__bg-wrapper\">\n\t\t\t\t<div class=\"elementor-cta__bg elementor-bg\" style=\"background-image: url(https:\/\/license.oneclickjapan.com\/wp-content\/uploads\/2024\/08\/note-thanun-H1zPQlGb77o-unsplash-1024x771.jpg);\" role=\"img\" aria-label=\"driving in japan drivers license translation\"><\/div>\n\t\t\t\t<div class=\"elementor-cta__bg-overlay\"><\/div>\n\t\t\t<\/div>\n\t\t\t\t\t\t\t<div class=\"elementor-cta__content\">\n\t\t\t\t\n\t\t\t\t\t\t\t\t\t<h2 class=\"elementor-cta__title elementor-cta__content-item elementor-content-item elementor-animated-item--grow\">\n\t\t\t\t\t\tBestellen Sie Ihre \u00dcbersetzung noch heute\t\t\t\t\t<\/h2>\n\t\t\t\t\n\t\t\t\t\n\t\t\t\t\t\t\t\t\t<div class=\"elementor-cta__button-wrapper elementor-cta__content-item elementor-content-item elementor-animated-item--grow\">\n\t\t\t\t\t<a class=\"elementor-cta__button elementor-button elementor-size-\" href=\"https:\/\/license.oneclickjapan.com\/de\/anwenden\/\">\n\t\t\t\t\t\tKlicken Sie hier\t\t\t\t\t<\/a>\n\t\t\t\t\t<\/div>\n\t\t\t\t\t\t\t<\/div>\n\t\t\t\t\t\t<\/div>\n\t\t\t\t\t\t<\/div>\n\t\t\t\t<\/div>\n\t\t\t\t\t<\/div>\n\t\t\t\t<\/div>\n\t\t\t\t<\/div>\n\t\t","protected":false},"excerpt":{"rendered":"<p>F\u00fchrerschein-\u00dcbersetzung Japan: 5 Tipps f\u00fcr Ihren entspannten Roadtrip Stellen Sie sich vor: Sie sitzen in Japan, die Sonne scheint, und Sie haben den Wunsch, mehr zu sehen als nur die gro\u00dfen St\u00e4dte. Sie m\u00f6chten durch malerische Landschaften fahren, versteckte Schreine in den Bergen entdecken oder endlich das charmante Onsen-Dorf erreichen, von dem Sie so viel [&hellip;]<\/p>\n","protected":false},"author":1,"featured_media":0,"parent":0,"menu_order":0,"comment_status":"closed","ping_status":"closed","template":"elementor_header_footer","meta":{"footnotes":""},"class_list":["post-1514","page","type-page","status-publish","hentry"],"_links":{"self":[{"href":"https:\/\/license.oneclickjapan.com\/de\/wp-json\/wp\/v2\/pages\/1514","targetHints":{"allow":["GET"]}}],"collection":[{"href":"https:\/\/license.oneclickjapan.com\/de\/wp-json\/wp\/v2\/pages"}],"about":[{"href":"https:\/\/license.oneclickjapan.com\/de\/wp-json\/wp\/v2\/types\/page"}],"author":[{"embeddable":true,"href":"https:\/\/license.oneclickjapan.com\/de\/wp-json\/wp\/v2\/users\/1"}],"replies":[{"embeddable":true,"href":"https:\/\/license.oneclickjapan.com\/de\/wp-json\/wp\/v2\/comments?post=1514"}],"version-history":[{"count":3,"href":"https:\/\/license.oneclickjapan.com\/de\/wp-json\/wp\/v2\/pages\/1514\/revisions"}],"predecessor-version":[{"id":1517,"href":"https:\/\/license.oneclickjapan.com\/de\/wp-json\/wp\/v2\/pages\/1514\/revisions\/1517"}],"wp:attachment":[{"href":"https:\/\/license.oneclickjapan.com\/de\/wp-json\/wp\/v2\/media?parent=1514"}],"curies":[{"name":"wp","href":"https:\/\/api.w.org\/{rel}","templated":true}]}}