{"id":762,"date":"2024-08-21T12:29:24","date_gmt":"2024-08-21T12:29:24","guid":{"rendered":"https:\/\/license.oneclickjapan.com\/ueber-uns\/"},"modified":"2025-06-19T02:05:04","modified_gmt":"2025-06-19T02:05:04","slug":"ueber-uns","status":"publish","type":"page","link":"https:\/\/license.oneclickjapan.com\/de\/ueber-uns\/","title":{"rendered":"\u00dcber uns"},"content":{"rendered":"\t\t<div data-elementor-type=\"wp-page\" data-elementor-id=\"762\" class=\"elementor elementor-762 elementor-184\" data-elementor-post-type=\"page\">\n\t\t\t\t<div class=\"elementor-element elementor-element-eab1375 e-flex e-con-boxed e-con e-parent\" data-id=\"eab1375\" data-element_type=\"container\" data-e-type=\"container\">\n\t\t\t\t\t<div class=\"e-con-inner\">\n\t\t\t\t<div class=\"elementor-element elementor-element-1f6f4ca elementor-widget elementor-widget-heading\" data-id=\"1f6f4ca\" data-element_type=\"widget\" data-e-type=\"widget\" data-widget_type=\"heading.default\">\n\t\t\t\t<div class=\"elementor-widget-container\">\n\t\t\t\t\t<h2 class=\"elementor-heading-title elementor-size-default\">Das One Click Japan Team<\/h2>\t\t\t\t<\/div>\n\t\t\t\t<\/div>\n\t\t\t\t\t<\/div>\n\t\t\t\t<\/div>\n\t\t<div class=\"elementor-element elementor-element-ede6590 e-grid e-con-boxed e-con e-parent\" data-id=\"ede6590\" data-element_type=\"container\" data-e-type=\"container\">\n\t\t\t\t\t<div class=\"e-con-inner\">\n\t\t\t\t<div class=\"elementor-element elementor-element-37794a0 elementor-widget elementor-widget-text-editor\" data-id=\"37794a0\" data-element_type=\"widget\" data-e-type=\"widget\" data-widget_type=\"text-editor.default\">\n\t\t\t\t<div class=\"elementor-widget-container\">\n\t\t\t\t\t\t\t\t\t<h2><img decoding=\"async\" class=\"size-full wp-image-1176 aligncenter\" src=\"https:\/\/license.oneclickjapan.com\/wp-content\/uploads\/2025\/02\/Screenshot-2025-02-16-095011.png\" alt=\"\" width=\"229\" height=\"158\" \/><\/h2><h2>Kai<\/h2><p>Sprachen: Deutsch, Englisch, Japanisch<\/p><p>Rolle: Kundenbetreuung, IT und Marketing<\/p><p>Kai ist unser Multitalent und Allrounder! Er ist wahrscheinlich die freundliche Stimme, die du am Telefon h\u00f6rst, der Technikexperte, der daf\u00fcr sorgt, dass alles reibungslos l\u00e4uft, und der kreative Kopf hinter unseren Marketingaktivit\u00e4ten. Urspr\u00fcnglich aus Deutschland, spiegelt sich Kais Liebe zu anderen Kulturen in seiner Arbeit und seinen Leidenschaften wider. Wenn er nicht gerade Kunden hilft, erkundet er gerne neue Restaurants (besonders, wenn es koreanisches Essen gibt!), summt zu seinen Lieblingsmusicals mit oder plant sein n\u00e4chstes Reiseabenteuer. Er hat auch ein Herz f\u00fcr Tiere und verbringt gerne Zeit in der Natur.<\/p><div class=\"container\">\u00a0<\/div>\t\t\t\t\t\t\t\t<\/div>\n\t\t\t\t<\/div>\n\t\t\t\t<div class=\"elementor-element elementor-element-b670e9b elementor-widget elementor-widget-text-editor\" data-id=\"b670e9b\" data-element_type=\"widget\" data-e-type=\"widget\" data-widget_type=\"text-editor.default\">\n\t\t\t\t<div class=\"elementor-widget-container\">\n\t\t\t\t\t\t\t\t\t<h2><img decoding=\"async\" class=\"size-full wp-image-1181 aligncenter\" src=\"https:\/\/license.oneclickjapan.com\/wp-content\/uploads\/2025\/02\/Screenshot-2025-02-16-095104.png\" alt=\"\" width=\"228\" height=\"163\" \/><\/h2><h2>Ai<\/h2><p>Sprachen: Japanisch, Englisch, Deutsch<\/p><p>Rolle: Kundenservice &amp; Versand<\/p><p>Ai ist das Herzst\u00fcck unseres Unternehmens und sorgt daf\u00fcr, dass die Bestellungen sorgf\u00e4ltig bearbeitet und versandt werden. Ihre Liebe zum Detail und ihr Engagement f\u00fcr die Kundenzufriedenheit sind un\u00fcbertroffen. Sie hat eine Leidenschaft daf\u00fcr, ein reibungsloses Erlebnis f\u00fcr jeden Kunden zu schaffen. Au\u00dferhalb der Arbeit entspannt sich Ai gerne mit einem guten Buch und einer perfekt gebr\u00fchten Tasse Kaffee. Sie teilt die Liebe zu Tieren und Musicals, und man findet sie vielleicht auch bei Experimenten mit Fermentationsprojekten oder beim Erkunden der faszinierenden Welt der Heilpflanzen. Von Kombucha \u00fcber Kimchi bis hin zu pflanzlichen Heilmitteln \u2013 Ai lernt und kreiert st\u00e4ndig etwas Neues!<\/p><div class=\"container\">\u00a0<\/div>\t\t\t\t\t\t\t\t<\/div>\n\t\t\t\t<\/div>\n\t\t\t\t<div class=\"elementor-element elementor-element-9897c16 elementor-widget elementor-widget-text-editor\" data-id=\"9897c16\" data-element_type=\"widget\" data-e-type=\"widget\" data-widget_type=\"text-editor.default\">\n\t\t\t\t<div class=\"elementor-widget-container\">\n\t\t\t\t\t\t\t\t\t<h2><img decoding=\"async\" class=\"size-full wp-image-1187 aligncenter\" src=\"https:\/\/license.oneclickjapan.com\/wp-content\/uploads\/2025\/02\/Screenshot-2025-02-16-095559.png\" alt=\"\" width=\"181\" height=\"159\" \/><\/h2><h2>Mimi<\/h2><p>Sprachen: Katze (flie\u00dfend)<\/p><p>Rolle: Offizielle B\u00fcrokatze<\/p><p>Unsere 18-j\u00e4hrige Grande Dame Mimi ist unser flauschigstes Teammitglied! Sie bringt Ruhe und Freude ins B\u00fcro und erinnert uns daran, Pausen zu machen und die kleinen Dinge zu sch\u00e4tzen. Zu ihren Aufgaben geh\u00f6ren die \u00dcberwachung aller B\u00fcroaktivit\u00e4ten (haupts\u00e4chlich macht sie aber Nickerchen), das Testen des Komforts aller St\u00fchle und gelegentlich das Abgeben ihrer &#8222;Expertenmeinung&#8220; zu Verpackungsmaterialien. Mimis Lieblingsdinge sind Fisch (nat\u00fcrlich!), lange Nickerchen und im Allgemeinen von allen angehimmelt zu werden.<\/p>\t\t\t\t\t\t\t\t<\/div>\n\t\t\t\t<\/div>\n\t\t\t\t\t<\/div>\n\t\t\t\t<\/div>\n\t\t\t\t<section class=\"elementor-section elementor-top-section elementor-element elementor-element-64ae25b4 elementor-reverse-mobile elementor-section-boxed elementor-section-height-default elementor-section-height-default\" data-id=\"64ae25b4\" data-element_type=\"section\" data-e-type=\"section\">\n\t\t\t\t\t\t<div class=\"elementor-container elementor-column-gap-default\">\n\t\t\t\t\t<div class=\"elementor-column elementor-col-50 elementor-top-column elementor-element elementor-element-337b60a8\" data-id=\"337b60a8\" data-element_type=\"column\" data-e-type=\"column\" data-settings=\"{&quot;background_background&quot;:&quot;classic&quot;}\">\n\t\t\t<div class=\"elementor-widget-wrap elementor-element-populated\">\n\t\t\t\t\t\t<section class=\"elementor-section elementor-inner-section elementor-element elementor-element-1f19f822 elementor-section-boxed elementor-section-height-default elementor-section-height-default\" data-id=\"1f19f822\" data-element_type=\"section\" data-e-type=\"section\">\n\t\t\t\t\t\t<div class=\"elementor-container elementor-column-gap-default\">\n\t\t\t\t\t<div class=\"elementor-column elementor-col-100 elementor-inner-column elementor-element elementor-element-2df64156\" data-id=\"2df64156\" data-element_type=\"column\" data-e-type=\"column\" data-settings=\"{&quot;background_background&quot;:&quot;classic&quot;}\">\n\t\t\t<div class=\"elementor-widget-wrap elementor-element-populated\">\n\t\t\t\t\t\t<div class=\"elementor-element elementor-element-51fac3f0 elementor-widget elementor-widget-counter\" data-id=\"51fac3f0\" data-element_type=\"widget\" data-e-type=\"widget\" data-widget_type=\"counter.default\">\n\t\t\t\t<div class=\"elementor-widget-container\">\n\t\t\t\t\t\t\t<div class=\"elementor-counter\">\n\t\t\t<div class=\"elementor-counter-title\">Jahre Erfahrung<\/div>\t\t\t<div class=\"elementor-counter-number-wrapper\">\n\t\t\t\t<span class=\"elementor-counter-number-prefix\"><\/span>\n\t\t\t\t<span class=\"elementor-counter-number\" data-duration=\"2000\" data-to-value=\"20\" data-from-value=\"0\" data-delimiter=\",\">0<\/span>\n\t\t\t\t<span class=\"elementor-counter-number-suffix\">+<\/span>\n\t\t\t<\/div>\n\t\t<\/div>\n\t\t\t\t\t\t<\/div>\n\t\t\t\t<\/div>\n\t\t\t\t\t<\/div>\n\t\t<\/div>\n\t\t\t\t\t<\/div>\n\t\t<\/section>\n\t\t\t\t\t<\/div>\n\t\t<\/div>\n\t\t\t\t<div class=\"elementor-column elementor-col-50 elementor-top-column elementor-element elementor-element-32e3f9f8\" data-id=\"32e3f9f8\" data-element_type=\"column\" data-e-type=\"column\">\n\t\t\t<div class=\"elementor-widget-wrap elementor-element-populated\">\n\t\t\t\t\t\t<div class=\"elementor-element elementor-element-35d74d52 elementor-invisible elementor-widget elementor-widget-text-editor\" data-id=\"35d74d52\" data-element_type=\"widget\" data-e-type=\"widget\" data-settings=\"{&quot;_animation&quot;:&quot;fadeInUp&quot;}\" data-widget_type=\"text-editor.default\">\n\t\t\t\t<div class=\"elementor-widget-container\">\n\t\t\t\t\t\t\t\t\t<p>\u00dcber uns<\/p>\n\t\t\t\t\t\t\t\t<\/div>\n\t\t\t\t<\/div>\n\t\t\t\t<div class=\"elementor-element elementor-element-3d0aa6d4 elementor-invisible elementor-widget elementor-widget-heading\" data-id=\"3d0aa6d4\" data-element_type=\"widget\" data-e-type=\"widget\" data-settings=\"{&quot;_animation&quot;:&quot;fadeInUp&quot;,&quot;_animation_delay&quot;:200}\" data-widget_type=\"heading.default\">\n\t\t\t\t<div class=\"elementor-widget-container\">\n\t\t\t\t\t<h2 class=\"elementor-heading-title elementor-size-default\">Zertifizierte \u00dcbersetzungen f\u00fcr Ihre Fahrerlaubnis!<\/h2>\t\t\t\t<\/div>\n\t\t\t\t<\/div>\n\t\t\t\t<div class=\"elementor-element elementor-element-432d4eb1 elementor-invisible elementor-widget elementor-widget-text-editor\" data-id=\"432d4eb1\" data-element_type=\"widget\" data-e-type=\"widget\" data-settings=\"{&quot;_animation&quot;:&quot;fadeInUp&quot;,&quot;_animation_delay&quot;:400}\" data-widget_type=\"text-editor.default\">\n\t\t\t\t<div class=\"elementor-widget-container\">\n\t\t\t\t\t\t\t\t\t<p>Wir von <a href=\"https:\/\/license.oneclickjapan.com\/de\/\">One Click Japan<\/a> haben uns auf die \u00dcbersetzung offizieller japanischer F\u00fchrerscheine spezialisiert, die von der Japan Automobile Federation (JAF) voll anerkannt werden. Seit unserer Gr\u00fcndung haben wir es uns zur Aufgabe gemacht, internationalen Autofahrern dabei zu helfen, in Japan selbstbewusst und problemlos auf die Stra\u00dfe zu gehen. Unser Expertenteam verf\u00fcgt \u00fcber mehr als 20 Jahre Erfahrung in der Branche und bietet Ihnen schnelle, pr\u00e4zise und problemlose \u00dcbersetzungsdienste.<\/p>\t\t\t\t\t\t\t\t<\/div>\n\t\t\t\t<\/div>\n\t\t\t\t<div class=\"elementor-element elementor-element-62660b4c elementor-widget elementor-widget-elementskit-accordion\" data-id=\"62660b4c\" data-element_type=\"widget\" data-e-type=\"widget\" data-widget_type=\"elementskit-accordion.default\">\n\t\t\t\t<div class=\"elementor-widget-container\">\n\t\t\t\t\t<div class=\"ekit-wid-con\" >\n        <div class=\"elementskit-accordion accoedion-primary\" id=\"accordion-69f4ebf5541ad\">\n\n            \n                <div class=\"elementskit-card active\">\n                    <div class=\"elementskit-card-header\" id=\"primaryHeading-0-62660b4c\">\n                        <a href=\"#collapse-3fd454569f4ebf5541ad\" class=\"ekit-accordion--toggler elementskit-btn-link collapsed\" data-ekit-toggle=\"collapse\" data-target=\"#Collapse-3fd454569f4ebf5541ad\" aria-expanded=\"true\" aria-controls=\"Collapse-3fd454569f4ebf5541ad\">\n                            \n                            <span class=\"ekit-accordion-title\">Unsere Vision<\/span>\n\n                            \n                                <div class=\"ekit_accordion_icon_group\">\n                                    <div class=\"ekit_accordion_normal_icon\">\n                                        <!-- Normal Icon -->\n\t\t\t\t\t\t\t\t\t\t<i class=\"icon icon-download-arrow\"><\/i>                                    <\/div>\n\n                                    <div class=\"ekit_accordion_active_icon\">\n                                        <!-- Active Icon -->\n\t\t\t\t\t\t\t\t\t\t<i class=\"icon icon-left-arrow\"><\/i>                                    <\/div>\n                                <\/div>\n\n                            \n                                                    <\/a>\n                    <\/div>\n\n                    <div id=\"Collapse-3fd454569f4ebf5541ad\" class=\" show collapse\" aria-labelledby=\"primaryHeading-0-62660b4c\" data-parent=\"#accordion-69f4ebf5541ad\">\n\n                        <div class=\"elementskit-card-body ekit-accordion--content\">\n                            <p>Der f\u00fchrende Anbieter von vertrauensw\u00fcrdigen und nahtlosen F\u00fchrerschein\u00fcbersetzungsdiensten zu sein, der sicherstellt, dass jeder internationale Fahrer in Japan mit Zuversicht durch die Stra\u00dfen fahren kann.<\/p>                        <\/div>\n\n                    <\/div>\n\n                <\/div><!-- .elementskit-card END -->\n\n                \n                <div class=\"elementskit-card \">\n                    <div class=\"elementskit-card-header\" id=\"primaryHeading-1-62660b4c\">\n                        <a href=\"#collapse-b82c60869f4ebf5541ad\" class=\"ekit-accordion--toggler elementskit-btn-link collapsed\" data-ekit-toggle=\"collapse\" data-target=\"#Collapse-b82c60869f4ebf5541ad\" aria-expanded=\"false\" aria-controls=\"Collapse-b82c60869f4ebf5541ad\">\n                            \n                            <span class=\"ekit-accordion-title\">Unser Auftrag<\/span>\n\n                            \n                                <div class=\"ekit_accordion_icon_group\">\n                                    <div class=\"ekit_accordion_normal_icon\">\n                                        <!-- Normal Icon -->\n\t\t\t\t\t\t\t\t\t\t<i class=\"icon icon-download-arrow\"><\/i>                                    <\/div>\n\n                                    <div class=\"ekit_accordion_active_icon\">\n                                        <!-- Active Icon -->\n\t\t\t\t\t\t\t\t\t\t<i class=\"icon icon-left-arrow\"><\/i>                                    <\/div>\n                                <\/div>\n\n                            \n                                                    <\/a>\n                    <\/div>\n\n                    <div id=\"Collapse-b82c60869f4ebf5541ad\" class=\" collapse\" aria-labelledby=\"primaryHeading-1-62660b4c\" data-parent=\"#accordion-69f4ebf5541ad\">\n\n                        <div class=\"elementskit-card-body ekit-accordion--content\">\n                            <p>Wir vereinfachen den Prozess der Beschaffung offizieller japanischer F\u00fchrerschein\u00fcbersetzungen mit schnellem, zuverl\u00e4ssigem und kundenorientiertem Service, damit jede Reise in Japan sorgenfrei verl\u00e4uft.<\/p>                        <\/div>\n\n                    <\/div>\n\n                <\/div><!-- .elementskit-card END -->\n\n                                        <\/div>\n    <\/div>\t\t\t\t<\/div>\n\t\t\t\t<\/div>\n\t\t\t\t<div class=\"elementor-element elementor-element-8394c5b elementor-align-left elementor-mobile-align-center elementor-invisible elementor-widget elementor-widget-button\" data-id=\"8394c5b\" data-element_type=\"widget\" data-e-type=\"widget\" data-settings=\"{&quot;_animation&quot;:&quot;fadeInUp&quot;,&quot;_animation_delay&quot;:600}\" data-widget_type=\"button.default\">\n\t\t\t\t<div class=\"elementor-widget-container\">\n\t\t\t\t\t\t\t\t\t<div class=\"elementor-button-wrapper\">\n\t\t\t\t\t<a class=\"elementor-button elementor-button-link elementor-size-sm\" href=\"https:\/\/license.oneclickjapan.com\/de\/kontaktieren-sie-uns\/\">\n\t\t\t\t\t\t<span class=\"elementor-button-content-wrapper\">\n\t\t\t\t\t\t<span class=\"elementor-button-icon\">\n\t\t\t\t<i aria-hidden=\"true\" class=\"icon icon-right-arrow\"><\/i>\t\t\t<\/span>\n\t\t\t\t\t\t\t\t\t<span class=\"elementor-button-text\">Mehr erfahren<\/span>\n\t\t\t\t\t<\/span>\n\t\t\t\t\t<\/a>\n\t\t\t\t<\/div>\n\t\t\t\t\t\t\t\t<\/div>\n\t\t\t\t<\/div>\n\t\t\t\t\t<\/div>\n\t\t<\/div>\n\t\t\t\t\t<\/div>\n\t\t<\/section>\n\t\t\t\t<section class=\"elementor-section elementor-top-section elementor-element elementor-element-500fdbfc elementor-section-boxed elementor-section-height-default elementor-section-height-default\" data-id=\"500fdbfc\" data-element_type=\"section\" data-e-type=\"section\" id=\"xs_cta_style_16\">\n\t\t\t\t\t\t<div class=\"elementor-container elementor-column-gap-default\">\n\t\t\t\t\t<div class=\"elementor-column elementor-col-100 elementor-top-column elementor-element elementor-element-66791cf6\" data-id=\"66791cf6\" data-element_type=\"column\" data-e-type=\"column\">\n\t\t\t<div class=\"elementor-widget-wrap elementor-element-populated\">\n\t\t\t\t\t\t<div class=\"elementor-element elementor-element-49fb15c elementor-invisible elementor-widget elementor-widget-text-editor\" data-id=\"49fb15c\" data-element_type=\"widget\" data-e-type=\"widget\" data-settings=\"{&quot;_animation&quot;:&quot;fadeInUp&quot;}\" data-widget_type=\"text-editor.default\">\n\t\t\t\t<div class=\"elementor-widget-container\">\n\t\t\t\t\t\t\t\t\t<p>Unser Prozess<\/p>\n\t\t\t\t\t\t\t\t<\/div>\n\t\t\t\t<\/div>\n\t\t\t\t<section class=\"elementor-section elementor-inner-section elementor-element elementor-element-7021747d elementor-section-full_width elementor-section-height-default elementor-section-height-default\" data-id=\"7021747d\" data-element_type=\"section\" data-e-type=\"section\">\n\t\t\t\t\t\t<div class=\"elementor-container elementor-column-gap-default\">\n\t\t\t\t\t<div class=\"elementor-column elementor-col-50 elementor-inner-column elementor-element elementor-element-6de0a3ee\" data-id=\"6de0a3ee\" data-element_type=\"column\" data-e-type=\"column\">\n\t\t\t<div class=\"elementor-widget-wrap elementor-element-populated\">\n\t\t\t\t\t\t<div class=\"elementor-element elementor-element-312b0d5 elementor-widget elementor-widget-elementskit-heading\" data-id=\"312b0d5\" data-element_type=\"widget\" data-e-type=\"widget\" data-widget_type=\"elementskit-heading.default\">\n\t\t\t\t<div class=\"elementor-widget-container\">\n\t\t\t\t\t<div class=\"ekit-wid-con\" ><div class=\"ekit-heading elementskit-section-title-wraper text_left   ekit_heading_tablet-   ekit_heading_mobile-\"><h2 class=\"ekit-heading--title elementskit-section-title \">Warum <span><span>uns<\/span><\/span> w\u00e4hlen?<\/h2>\t\t\t\t<div class='ekit-heading__description'>\n\t\t\t\t\t<p>One Click Japan bietet Ihnen wettbewerbsf\u00e4hige Preise, eine schnelle Bearbeitung ohne extra Aufpreise und ein hohes Ma\u00df an Engagement. Unsere JAF-gepr\u00fcften \u00dcbersetzungen werden von den japanischen Beh\u00f6rden garantiert anerkannt, so dass Sie sich keine Sorgen machen m\u00fcssen.<\/p>\n<p>Wir legen Wert auf Datensicherheit, Transparenz und Kundenzufriedenheit. Unser mehrsprachiges Support-Team bietet pers\u00f6nliche Unterst\u00fctzung und stellt sicher, dass jeder Kunde einen au\u00dfergew\u00f6hnlichen Service erh\u00e4lt.<\/p>\n\t\t\t\t<\/div>\n\t\t\t<\/div><\/div>\t\t\t\t<\/div>\n\t\t\t\t<\/div>\n\t\t\t\t<div class=\"elementor-element elementor-element-5c4fb7fb elementor-widget elementor-widget-elementskit-heading\" data-id=\"5c4fb7fb\" data-element_type=\"widget\" data-e-type=\"widget\" data-widget_type=\"elementskit-heading.default\">\n\t\t\t\t<div class=\"elementor-widget-container\">\n\t\t\t\t\t<div class=\"ekit-wid-con\" ><div class=\"ekit-heading elementskit-section-title-wraper text_center   ekit_heading_tablet-   ekit_heading_mobile-\"><h2 class=\"ekit-heading--title elementskit-section-title \">Was wir anbieten<\/h2><div class=\"ekit_heading_separetor_wraper ekit_heading_elementskit-border-divider ekit-dotted\"><div class=\"elementskit-border-divider ekit-dotted\"><\/div><\/div>\t\t\t\t<div class='ekit-heading__description'>\n\t\t\t\t\t<p>Wir bieten beglaubigte \u00dcbersetzungen f\u00fcr F\u00fchrerscheine aus Deutschland, Frankreich, Belgien, der Schweiz, Monaco und Taiwan. Unsere Dienstleistungen sind auf die Bed\u00fcrfnisse unserer Kunden zugeschnitten und bieten mehrere Lieferoptionen, darunter Expressdienste und Selbstausdrucke in 7-Eleven-Filialen in ganz Japan. <\/p>\n\t\t\t\t<\/div>\n\t\t\t<\/div><\/div>\t\t\t\t<\/div>\n\t\t\t\t<\/div>\n\t\t\t\t\t<\/div>\n\t\t<\/div>\n\t\t\t\t<div class=\"elementor-column elementor-col-50 elementor-inner-column elementor-element elementor-element-48cd39a\" data-id=\"48cd39a\" data-element_type=\"column\" data-e-type=\"column\">\n\t\t\t<div class=\"elementor-widget-wrap elementor-element-populated\">\n\t\t\t\t\t\t<div class=\"elementor-element elementor-element-75425b50 elementor-align-right elementor-align--mobilecenter elementor-widget elementor-widget-elementskit-button\" data-id=\"75425b50\" data-element_type=\"widget\" data-e-type=\"widget\" data-widget_type=\"elementskit-button.default\">\n\t\t\t\t<div class=\"elementor-widget-container\">\n\t\t\t\t\t<div class=\"ekit-wid-con\" >\t\t<div class=\"ekit-btn-wraper\">\n\t\t\t\t\t\t\t<a href=\"https:\/\/license.oneclickjapan.com\/de\/anwenden\/\" class=\"elementskit-btn  whitespace--normal\" id=\"\">\n\t\t\t\t\tJetzt bestellen\t\t\t\t<\/a>\n\t\t\t\t\t<\/div>\n        <\/div>\t\t\t\t<\/div>\n\t\t\t\t<\/div>\n\t\t\t\t\t<\/div>\n\t\t<\/div>\n\t\t\t\t\t<\/div>\n\t\t<\/section>\n\t\t\t\t\t<\/div>\n\t\t<\/div>\n\t\t\t\t\t<\/div>\n\t\t<\/section>\n\t\t\t\t<section class=\"elementor-section elementor-top-section elementor-element elementor-element-1383aa0 elementor-section-boxed elementor-section-height-default elementor-section-height-default\" data-id=\"1383aa0\" data-element_type=\"section\" data-e-type=\"section\" data-settings=\"{&quot;background_background&quot;:&quot;classic&quot;}\">\n\t\t\t\t\t\t\t<div class=\"elementor-background-overlay\"><\/div>\n\t\t\t\t\t\t\t<div class=\"elementor-container elementor-column-gap-default\">\n\t\t\t\t\t<div class=\"elementor-column elementor-col-100 elementor-top-column elementor-element elementor-element-6ad4d9e1\" data-id=\"6ad4d9e1\" data-element_type=\"column\" data-e-type=\"column\">\n\t\t\t<div class=\"elementor-widget-wrap elementor-element-populated\">\n\t\t\t\t\t\t<div class=\"elementor-element elementor-element-384acbaa elementor-invisible elementor-widget elementor-widget-heading\" data-id=\"384acbaa\" data-element_type=\"widget\" data-e-type=\"widget\" data-settings=\"{&quot;_animation&quot;:&quot;fadeInUp&quot;,&quot;_animation_delay&quot;:200}\" data-widget_type=\"heading.default\">\n\t\t\t\t<div class=\"elementor-widget-container\">\n\t\t\t\t\t<h2 class=\"elementor-heading-title elementor-size-default\">Kontaktieren Sie uns<\/h2>\t\t\t\t<\/div>\n\t\t\t\t<\/div>\n\t\t\t\t<div class=\"elementor-element elementor-element-268e02c9 elementor-invisible elementor-widget elementor-widget-text-editor\" data-id=\"268e02c9\" data-element_type=\"widget\" data-e-type=\"widget\" data-settings=\"{&quot;_animation&quot;:&quot;fadeInUp&quot;}\" data-widget_type=\"text-editor.default\">\n\t\t\t\t<div class=\"elementor-widget-container\">\n\t\t\t\t\t\t\t\t\t<p>Wir sind f\u00fcr Sie da! Wenn Sie Fragen haben oder weitere Hilfe ben\u00f6tigen, z\u00f6gern Sie bitte nicht, sich an unser Kundenserviceteam zu wenden. Wir sind bestrebt, Ihr Fahrerlebnis in Japan so reibungslos wie m\u00f6glich zu gestalten.  <\/p>\n\t\t\t\t\t\t\t\t<\/div>\n\t\t\t\t<\/div>\n\t\t\t\t<div class=\"elementor-element elementor-element-589f6b19 elementor-align-center elementor-mobile-align-center elementor-invisible elementor-widget elementor-widget-button\" data-id=\"589f6b19\" data-element_type=\"widget\" data-e-type=\"widget\" data-settings=\"{&quot;_animation&quot;:&quot;fadeInUp&quot;,&quot;_animation_delay&quot;:600}\" data-widget_type=\"button.default\">\n\t\t\t\t<div class=\"elementor-widget-container\">\n\t\t\t\t\t\t\t\t\t<div class=\"elementor-button-wrapper\">\n\t\t\t\t\t<a class=\"elementor-button elementor-button-link elementor-size-sm\" href=\"https:\/\/license.oneclickjapan.com\/de\/kontaktieren-sie-uns\/\">\n\t\t\t\t\t\t<span class=\"elementor-button-content-wrapper\">\n\t\t\t\t\t\t<span class=\"elementor-button-icon\">\n\t\t\t\t<i aria-hidden=\"true\" class=\"icon icon-right-arrow\"><\/i>\t\t\t<\/span>\n\t\t\t\t\t\t\t\t\t<span class=\"elementor-button-text\">Kontakt aufnehmen<\/span>\n\t\t\t\t\t<\/span>\n\t\t\t\t\t<\/a>\n\t\t\t\t<\/div>\n\t\t\t\t\t\t\t\t<\/div>\n\t\t\t\t<\/div>\n\t\t\t\t\t<\/div>\n\t\t<\/div>\n\t\t\t\t\t<\/div>\n\t\t<\/section>\n\t\t\t\t<\/div>\n\t\t","protected":false},"excerpt":{"rendered":"<p>Das One Click Japan Team Kai Sprachen: Deutsch, Englisch, Japanisch Rolle: Kundenbetreuung, IT und Marketing Kai ist unser Multitalent und Allrounder! Er ist wahrscheinlich die freundliche Stimme, die du am Telefon h\u00f6rst, der Technikexperte, der daf\u00fcr sorgt, dass alles reibungslos l\u00e4uft, und der kreative Kopf hinter unseren Marketingaktivit\u00e4ten. Urspr\u00fcnglich aus Deutschland, spiegelt sich Kais Liebe [&hellip;]<\/p>\n","protected":false},"author":2,"featured_media":0,"parent":0,"menu_order":0,"comment_status":"closed","ping_status":"closed","template":"elementor_header_footer","meta":{"footnotes":""},"class_list":["post-762","page","type-page","status-publish","hentry"],"_links":{"self":[{"href":"https:\/\/license.oneclickjapan.com\/de\/wp-json\/wp\/v2\/pages\/762","targetHints":{"allow":["GET"]}}],"collection":[{"href":"https:\/\/license.oneclickjapan.com\/de\/wp-json\/wp\/v2\/pages"}],"about":[{"href":"https:\/\/license.oneclickjapan.com\/de\/wp-json\/wp\/v2\/types\/page"}],"author":[{"embeddable":true,"href":"https:\/\/license.oneclickjapan.com\/de\/wp-json\/wp\/v2\/users\/2"}],"replies":[{"embeddable":true,"href":"https:\/\/license.oneclickjapan.com\/de\/wp-json\/wp\/v2\/comments?post=762"}],"version-history":[{"count":30,"href":"https:\/\/license.oneclickjapan.com\/de\/wp-json\/wp\/v2\/pages\/762\/revisions"}],"predecessor-version":[{"id":1556,"href":"https:\/\/license.oneclickjapan.com\/de\/wp-json\/wp\/v2\/pages\/762\/revisions\/1556"}],"wp:attachment":[{"href":"https:\/\/license.oneclickjapan.com\/de\/wp-json\/wp\/v2\/media?parent=762"}],"curies":[{"name":"wp","href":"https:\/\/api.w.org\/{rel}","templated":true}]}}