{"id":915,"date":"2024-09-04T14:37:32","date_gmt":"2024-09-04T14:37:32","guid":{"rendered":"https:\/\/license.oneclickjapan.com\/bedingungen-und-konditionen\/"},"modified":"2025-05-05T04:23:56","modified_gmt":"2025-05-05T04:23:56","slug":"bedingungen-und-konditionen","status":"publish","type":"page","link":"https:\/\/license.oneclickjapan.com\/de\/bedingungen-und-konditionen\/","title":{"rendered":"Bedingungen und Konditionen"},"content":{"rendered":"<style>.elementor-915 .elementor-element.elementor-element-0e8d9f4{--display:flex;}.elementor-915 .elementor-element.elementor-element-2f7cc40{text-align:center;}.elementor-915 .elementor-element.elementor-element-2f7cc40 > .elementor-widget-container{margin:50px 50px 50px 50px;}.elementor-915 .elementor-element.elementor-element-47c2ea4{--display:flex;--padding-top:50px;--padding-bottom:50px;--padding-left:50px;--padding-right:50px;}.elementor-915 .elementor-element.elementor-element-f5e105f .elementor-heading-title{font-size:30px;}.elementor-915 .elementor-element.elementor-element-3345ed0 .elementor-heading-title{font-size:30px;}.elementor-915 .elementor-element.elementor-element-93419dd .elementor-heading-title{font-size:30px;}.elementor-915 .elementor-element.elementor-element-47a0099 .elementor-heading-title{font-size:30px;}.elementor-915 .elementor-element.elementor-element-54662a3 .elementor-heading-title{font-size:30px;}.elementor-915 .elementor-element.elementor-element-c3aae41 .elementor-heading-title{font-size:30px;}.elementor-915 .elementor-element.elementor-element-0ac3ecb .elementor-heading-title{font-size:30px;}.elementor-915 .elementor-element.elementor-element-65f44ca .elementor-heading-title{font-size:30px;}.elementor-915 .elementor-element.elementor-element-bd2c7a9 .elementor-heading-title{font-size:30px;}.elementor-915 .elementor-element.elementor-element-cc34acc .elementor-heading-title{font-size:30px;}<\/style>\t\t<div data-elementor-type=\"wp-page\" data-elementor-id=\"915\" class=\"elementor elementor-915 elementor-674\" data-elementor-post-type=\"page\">\n\t\t\t\t<div class=\"elementor-element elementor-element-0e8d9f4 e-flex e-con-boxed e-con e-parent\" data-id=\"0e8d9f4\" data-element_type=\"container\" data-e-type=\"container\">\n\t\t\t\t\t<div class=\"e-con-inner\">\n\t\t\t\t\t<\/div>\n\t\t\t\t<\/div>\n\t\t<div class=\"elementor-element elementor-element-47c2ea4 e-flex e-con-boxed e-con e-parent\" data-id=\"47c2ea4\" data-element_type=\"container\" data-e-type=\"container\">\n\t\t\t\t\t<div class=\"e-con-inner\">\n\t\t\t\t<div class=\"elementor-element elementor-element-f5e105f elementor-widget elementor-widget-heading\" data-id=\"f5e105f\" data-element_type=\"widget\" data-e-type=\"widget\" data-widget_type=\"heading.default\">\n\t\t\t\t<div class=\"elementor-widget-container\">\n\t\t\t\t\t<h2 class=\"elementor-heading-title elementor-size-default\">Einf\u00fchrung<\/h2>\t\t\t\t<\/div>\n\t\t\t\t<\/div>\n\t\t\t\t<div class=\"elementor-element elementor-element-46be85e elementor-widget elementor-widget-text-editor\" data-id=\"46be85e\" data-element_type=\"widget\" data-e-type=\"widget\" data-widget_type=\"text-editor.default\">\n\t\t\t\t<div class=\"elementor-widget-container\">\n\t\t\t\t\t\t\t\t\t<p>Bei One Click Japan hat Ihre Privatsph\u00e4re h\u00f6chste Priorit\u00e4t. Diese Richtlinie beschreibt, wie wir Ihre pers\u00f6nlichen Daten sammeln, verwenden und sch\u00fctzen, wenn Sie unsere Dienste nutzen. <\/p>\t\t\t\t\t\t\t\t<\/div>\n\t\t\t\t<\/div>\n\t\t\t\t<div class=\"elementor-element elementor-element-3345ed0 elementor-widget elementor-widget-heading\" data-id=\"3345ed0\" data-element_type=\"widget\" data-e-type=\"widget\" data-widget_type=\"heading.default\">\n\t\t\t\t<div class=\"elementor-widget-container\">\n\t\t\t\t\t<h2 class=\"elementor-heading-title elementor-size-default\">Service-\u00dcbersicht<\/h2>\t\t\t\t<\/div>\n\t\t\t\t<\/div>\n\t\t\t\t<div class=\"elementor-element elementor-element-4c64ae7 elementor-widget elementor-widget-text-editor\" data-id=\"4c64ae7\" data-element_type=\"widget\" data-e-type=\"widget\" data-widget_type=\"text-editor.default\">\n\t\t\t\t<div class=\"elementor-widget-container\">\n\t\t\t\t\t\t\t\t\t<p>One Click Japan bietet beglaubigte \u00dcbersetzungen von ausl\u00e4ndischen F\u00fchrerscheinen ins Japanische an. Unser Service richtet sich an Personen, die ihre F\u00fchrerscheine \u00fcbersetzen und von den japanischen Beh\u00f6rden anerkennen lassen m\u00fcssen. <\/p>\t\t\t\t\t\t\t\t<\/div>\n\t\t\t\t<\/div>\n\t\t\t\t<div class=\"elementor-element elementor-element-93419dd elementor-widget elementor-widget-heading\" data-id=\"93419dd\" data-element_type=\"widget\" data-e-type=\"widget\" data-widget_type=\"heading.default\">\n\t\t\t\t<div class=\"elementor-widget-container\">\n\t\t\t\t\t<h2 class=\"elementor-heading-title elementor-size-default\">Verantwortlichkeiten der Benutzer<\/h2>\t\t\t\t<\/div>\n\t\t\t\t<\/div>\n\t\t\t\t<div class=\"elementor-element elementor-element-1df1758 elementor-widget elementor-widget-text-editor\" data-id=\"1df1758\" data-element_type=\"widget\" data-e-type=\"widget\" data-widget_type=\"text-editor.default\">\n\t\t\t\t<div class=\"elementor-widget-container\">\n\t\t\t\t\t\t\t\t\t<p>Sie verpflichten sich, bei der Nutzung unserer Dienste genaue und vollst\u00e4ndige Angaben zu machen. Jede missbr\u00e4uchliche Nutzung unserer Dienste, einschlie\u00dflich der Angabe falscher Informationen, ist verboten und kann zur Beendigung des Dienstes f\u00fchren. <\/p>\t\t\t\t\t\t\t\t<\/div>\n\t\t\t\t<\/div>\n\t\t\t\t<div class=\"elementor-element elementor-element-47a0099 elementor-widget elementor-widget-heading\" data-id=\"47a0099\" data-element_type=\"widget\" data-e-type=\"widget\" data-widget_type=\"heading.default\">\n\t\t\t\t<div class=\"elementor-widget-container\">\n\t\t\t\t\t<h2 class=\"elementor-heading-title elementor-size-default\">Bezahlung und Preisgestaltung<\/h2>\t\t\t\t<\/div>\n\t\t\t\t<\/div>\n\t\t\t\t<div class=\"elementor-element elementor-element-090354a elementor-widget elementor-widget-text-editor\" data-id=\"090354a\" data-element_type=\"widget\" data-e-type=\"widget\" data-widget_type=\"text-editor.default\">\n\t\t\t\t<div class=\"elementor-widget-container\">\n\t\t\t\t\t\t\t\t\t<p>Alle Zahlungen f\u00fcr Dienstleistungen m\u00fcssen im Voraus geleistet werden. Die Preise k\u00f6nnen ohne Vorank\u00fcndigung ge\u00e4ndert werden, aber alle \u00c4nderungen haben keine Auswirkungen auf bereits erteilte Auftr\u00e4ge. Erstattungen werden nur unter bestimmten Umst\u00e4nden gew\u00e4hrt, z.B. wenn wir die Dienstleistung nicht wie beschrieben erbringen.  <\/p>\t\t\t\t\t\t\t\t<\/div>\n\t\t\t\t<\/div>\n\t\t\t\t<div class=\"elementor-element elementor-element-54662a3 elementor-widget elementor-widget-heading\" data-id=\"54662a3\" data-element_type=\"widget\" data-e-type=\"widget\" data-widget_type=\"heading.default\">\n\t\t\t\t<div class=\"elementor-widget-container\">\n\t\t\t\t\t<h2 class=\"elementor-heading-title elementor-size-default\">Lieferung und Bearbeitung<\/h2>\t\t\t\t<\/div>\n\t\t\t\t<\/div>\n\t\t\t\t<div class=\"elementor-element elementor-element-9adacd8 elementor-widget elementor-widget-text-editor\" data-id=\"9adacd8\" data-element_type=\"widget\" data-e-type=\"widget\" data-widget_type=\"text-editor.default\">\n\t\t\t\t<div class=\"elementor-widget-container\">\n\t\t\t\t\t\t\t\t\t<p>Wir bem\u00fchen uns, \u00dcbersetzungen innerhalb des angegebenen Zeitrahmens zu liefern. Allerdings kann es aufgrund unvorhergesehener Umst\u00e4nde zu Verz\u00f6gerungen kommen. One Click Japan haftet nicht f\u00fcr Verluste, die aus solchen Verz\u00f6gerungen resultieren.  <\/p>\t\t\t\t\t\t\t\t<\/div>\n\t\t\t\t<\/div>\n\t\t\t\t<div class=\"elementor-element elementor-element-c3aae41 elementor-widget elementor-widget-heading\" data-id=\"c3aae41\" data-element_type=\"widget\" data-e-type=\"widget\" data-widget_type=\"heading.default\">\n\t\t\t\t<div class=\"elementor-widget-container\">\n\t\t\t\t\t<h2 class=\"elementor-heading-title elementor-size-default\">Datenschutz<\/h2>\t\t\t\t<\/div>\n\t\t\t\t<\/div>\n\t\t\t\t<div class=\"elementor-element elementor-element-9090679 elementor-widget elementor-widget-text-editor\" data-id=\"9090679\" data-element_type=\"widget\" data-e-type=\"widget\" data-widget_type=\"text-editor.default\">\n\t\t\t\t<div class=\"elementor-widget-container\">\n\t\t\t\t\t\t\t\t\t<p>Ihre pers\u00f6nlichen Daten werden in \u00dcbereinstimmung mit unserer Datenschutzrichtlinie gesch\u00fctzt. Durch die Nutzung unserer Dienste erkl\u00e4ren Sie sich mit der Erfassung und Verwendung Ihrer Daten gem\u00e4\u00df unserer Datenschutzrichtlinie einverstanden. <\/p>\t\t\t\t\t\t\t\t<\/div>\n\t\t\t\t<\/div>\n\t\t\t\t<div class=\"elementor-element elementor-element-0ac3ecb elementor-widget elementor-widget-heading\" data-id=\"0ac3ecb\" data-element_type=\"widget\" data-e-type=\"widget\" data-widget_type=\"heading.default\">\n\t\t\t\t<div class=\"elementor-widget-container\">\n\t\t\t\t\t<h2 class=\"elementor-heading-title elementor-size-default\">Einschr\u00e4nkung der Haftung<\/h2>\t\t\t\t<\/div>\n\t\t\t\t<\/div>\n\t\t\t\t<div class=\"elementor-element elementor-element-3e609d4 elementor-widget elementor-widget-text-editor\" data-id=\"3e609d4\" data-element_type=\"widget\" data-e-type=\"widget\" data-widget_type=\"text-editor.default\">\n\t\t\t\t<div class=\"elementor-widget-container\">\n\t\t\t\t\t\t\t\t\t<p>One Click Japan haftet nicht f\u00fcr direkte, indirekte oder zuf\u00e4llige Sch\u00e4den, die aus der Nutzung oder der Unm\u00f6glichkeit der Nutzung unserer Dienste entstehen, selbst wenn wir auf die M\u00f6glichkeit solcher Sch\u00e4den hingewiesen wurden.<\/p>\t\t\t\t\t\t\t\t<\/div>\n\t\t\t\t<\/div>\n\t\t\t\t<div class=\"elementor-element elementor-element-65f44ca elementor-widget elementor-widget-heading\" data-id=\"65f44ca\" data-element_type=\"widget\" data-e-type=\"widget\" data-widget_type=\"heading.default\">\n\t\t\t\t<div class=\"elementor-widget-container\">\n\t\t\t\t\t<h2 class=\"elementor-heading-title elementor-size-default\">Geltendes Recht<\/h2>\t\t\t\t<\/div>\n\t\t\t\t<\/div>\n\t\t\t\t<div class=\"elementor-element elementor-element-962d479 elementor-widget elementor-widget-text-editor\" data-id=\"962d479\" data-element_type=\"widget\" data-e-type=\"widget\" data-widget_type=\"text-editor.default\">\n\t\t\t\t<div class=\"elementor-widget-container\">\n\t\t\t\t\t\t\t\t\t<p>Diese Bedingungen unterliegen den Gesetzen Japans und werden in \u00dcbereinstimmung mit diesen ausgelegt. Alle Streitigkeiten, die sich aus diesen Bedingungen ergeben, werden unter japanischer Gerichtsbarkeit entschieden. <\/p>\t\t\t\t\t\t\t\t<\/div>\n\t\t\t\t<\/div>\n\t\t\t\t<div class=\"elementor-element elementor-element-bd2c7a9 elementor-widget elementor-widget-heading\" data-id=\"bd2c7a9\" data-element_type=\"widget\" data-e-type=\"widget\" data-widget_type=\"heading.default\">\n\t\t\t\t<div class=\"elementor-widget-container\">\n\t\t\t\t\t<h2 class=\"elementor-heading-title elementor-size-default\">\u00c4nderungen der Bedingungen<\/h2>\t\t\t\t<\/div>\n\t\t\t\t<\/div>\n\t\t\t\t<div class=\"elementor-element elementor-element-1967fe6 elementor-widget elementor-widget-text-editor\" data-id=\"1967fe6\" data-element_type=\"widget\" data-e-type=\"widget\" data-widget_type=\"text-editor.default\">\n\t\t\t\t<div class=\"elementor-widget-container\">\n\t\t\t\t\t\t\t\t\t<p><\/p><p><\/p><p>Wir behalten uns das Recht vor, diese Bestimmungen und Bedingungen jederzeit zu \u00e4ndern. Alle \u00c4nderungen werden auf dieser Seite ver\u00f6ffentlicht, und Ihre fortgesetzte Nutzung unserer Dienste gilt als Zustimmung zu den aktualisierten Bedingungen. <\/p><p> <\/p><p><\/p>\t\t\t\t\t\t\t\t<\/div>\n\t\t\t\t<\/div>\n\t\t\t\t<div class=\"elementor-element elementor-element-cc34acc elementor-widget elementor-widget-heading\" data-id=\"cc34acc\" data-element_type=\"widget\" data-e-type=\"widget\" data-widget_type=\"heading.default\">\n\t\t\t\t<div class=\"elementor-widget-container\">\n\t\t\t\t\t<h2 class=\"elementor-heading-title elementor-size-default\">Kontaktinformationen<\/h2>\t\t\t\t<\/div>\n\t\t\t\t<\/div>\n\t\t\t\t<div class=\"elementor-element elementor-element-94105b7 elementor-widget elementor-widget-text-editor\" data-id=\"94105b7\" data-element_type=\"widget\" data-e-type=\"widget\" data-widget_type=\"text-editor.default\">\n\t\t\t\t<div class=\"elementor-widget-container\">\n\t\t\t\t\t\t\t\t\t<p><\/p><p><\/p><p>Wenn Sie Fragen oder Bedenken bez\u00fcglich dieser Bedingungen haben, <a href=\"https:\/\/license.oneclickjapan.com\/de\/kontaktieren-sie-uns\/\">kontaktieren Sie uns<\/a> bitte<\/p><p><\/p>\t\t\t\t\t\t\t\t<\/div>\n\t\t\t\t<\/div>\n\t\t\t\t\t<\/div>\n\t\t\t\t<\/div>\n\t\t\t\t<\/div>\n\t\t","protected":false},"excerpt":{"rendered":"<p>Einf\u00fchrung Bei One Click Japan hat Ihre Privatsph\u00e4re h\u00f6chste Priorit\u00e4t. Diese Richtlinie beschreibt, wie wir Ihre pers\u00f6nlichen Daten sammeln, verwenden und sch\u00fctzen, wenn Sie unsere Dienste nutzen. Service-\u00dcbersicht One Click Japan bietet beglaubigte \u00dcbersetzungen von ausl\u00e4ndischen F\u00fchrerscheinen ins Japanische an. Unser Service richtet sich an Personen, die ihre F\u00fchrerscheine \u00fcbersetzen und von den japanischen Beh\u00f6rden [&hellip;]<\/p>\n","protected":false},"author":2,"featured_media":0,"parent":0,"menu_order":0,"comment_status":"closed","ping_status":"closed","template":"elementor_header_footer","meta":{"footnotes":""},"class_list":["post-915","page","type-page","status-publish","hentry"],"_links":{"self":[{"href":"https:\/\/license.oneclickjapan.com\/de\/wp-json\/wp\/v2\/pages\/915","targetHints":{"allow":["GET"]}}],"collection":[{"href":"https:\/\/license.oneclickjapan.com\/de\/wp-json\/wp\/v2\/pages"}],"about":[{"href":"https:\/\/license.oneclickjapan.com\/de\/wp-json\/wp\/v2\/types\/page"}],"author":[{"embeddable":true,"href":"https:\/\/license.oneclickjapan.com\/de\/wp-json\/wp\/v2\/users\/2"}],"replies":[{"embeddable":true,"href":"https:\/\/license.oneclickjapan.com\/de\/wp-json\/wp\/v2\/comments?post=915"}],"version-history":[{"count":4,"href":"https:\/\/license.oneclickjapan.com\/de\/wp-json\/wp\/v2\/pages\/915\/revisions"}],"predecessor-version":[{"id":1413,"href":"https:\/\/license.oneclickjapan.com\/de\/wp-json\/wp\/v2\/pages\/915\/revisions\/1413"}],"wp:attachment":[{"href":"https:\/\/license.oneclickjapan.com\/de\/wp-json\/wp\/v2\/media?parent=915"}],"curies":[{"name":"wp","href":"https:\/\/api.w.org\/{rel}","templated":true}]}}