{"id":937,"date":"2024-09-04T14:38:03","date_gmt":"2024-09-04T14:38:03","guid":{"rendered":"https:\/\/license.oneclickjapan.com\/haftungsausschluss\/"},"modified":"2025-01-31T09:48:51","modified_gmt":"2025-01-31T09:48:51","slug":"haftungsausschluss","status":"publish","type":"page","link":"https:\/\/license.oneclickjapan.com\/de\/haftungsausschluss\/","title":{"rendered":"Haftungsausschluss"},"content":{"rendered":"\t\t<div data-elementor-type=\"wp-page\" data-elementor-id=\"937\" class=\"elementor elementor-937 elementor-675\" data-elementor-post-type=\"page\">\n\t\t\t\t<div class=\"elementor-element elementor-element-34edd63 e-flex e-con-boxed e-con e-parent\" data-id=\"34edd63\" data-element_type=\"container\" data-e-type=\"container\">\n\t\t\t\t\t<div class=\"e-con-inner\">\n\t\t\t\t\t<\/div>\n\t\t\t\t<\/div>\n\t\t<div class=\"elementor-element elementor-element-a7a6517 e-flex e-con-boxed e-con e-parent\" data-id=\"a7a6517\" data-element_type=\"container\" data-e-type=\"container\">\n\t\t\t\t\t<div class=\"e-con-inner\">\n\t\t\t\t<div class=\"elementor-element elementor-element-20719e9 elementor-widget elementor-widget-text-editor\" data-id=\"20719e9\" data-element_type=\"widget\" data-e-type=\"widget\" data-widget_type=\"text-editor.default\">\n\t\t\t\t<div class=\"elementor-widget-container\">\n\t\t\t\t\t\t\t\t\t<p>Japan Driving bietet beglaubigte \u00dcbersetzungen von F\u00fchrerscheinen f\u00fcr die Verwendung in Japan an. Obwohl wir uns um Genauigkeit und die Einhaltung der lokalen Vorschriften bem\u00fchen, garantieren unsere \u00dcbersetzungen nicht, dass Ihr F\u00fchrerschein von den japanischen Beh\u00f6rden anerkannt wird. Die Nutzung unserer Dienste erfolgt auf Ihr eigenes Risiko, und wir haften nicht f\u00fcr direkte oder indirekte Verluste, die sich aus der Nutzung unserer \u00dcbersetzungen ergeben. Indem Sie unsere Dienste nutzen, erkl\u00e4ren Sie sich mit diesen Bedingungen einverstanden und erkennen an, dass es in Ihrer Verantwortung liegt, die Anerkennung unserer \u00dcbersetzungen bei den zust\u00e4ndigen Beh\u00f6rden zu \u00fcberpr\u00fcfen.   <\/p>\n\t\t\t\t\t\t\t\t<\/div>\n\t\t\t\t<\/div>\n\t\t\t\t\t<\/div>\n\t\t\t\t<\/div>\n\t\t\t\t<\/div>\n\t\t","protected":false},"excerpt":{"rendered":"<p>Japan Driving bietet beglaubigte \u00dcbersetzungen von F\u00fchrerscheinen f\u00fcr die Verwendung in Japan an. Obwohl wir uns um Genauigkeit und die Einhaltung der lokalen Vorschriften bem\u00fchen, garantieren unsere \u00dcbersetzungen nicht, dass Ihr F\u00fchrerschein von den japanischen Beh\u00f6rden anerkannt wird. Die Nutzung unserer Dienste erfolgt auf Ihr eigenes Risiko, und wir haften nicht f\u00fcr direkte oder indirekte [&hellip;]<\/p>\n","protected":false},"author":2,"featured_media":0,"parent":0,"menu_order":0,"comment_status":"closed","ping_status":"closed","template":"elementor_header_footer","meta":{"footnotes":""},"class_list":["post-937","page","type-page","status-publish","hentry"],"_links":{"self":[{"href":"https:\/\/license.oneclickjapan.com\/de\/wp-json\/wp\/v2\/pages\/937","targetHints":{"allow":["GET"]}}],"collection":[{"href":"https:\/\/license.oneclickjapan.com\/de\/wp-json\/wp\/v2\/pages"}],"about":[{"href":"https:\/\/license.oneclickjapan.com\/de\/wp-json\/wp\/v2\/types\/page"}],"author":[{"embeddable":true,"href":"https:\/\/license.oneclickjapan.com\/de\/wp-json\/wp\/v2\/users\/2"}],"replies":[{"embeddable":true,"href":"https:\/\/license.oneclickjapan.com\/de\/wp-json\/wp\/v2\/comments?post=937"}],"version-history":[{"count":1,"href":"https:\/\/license.oneclickjapan.com\/de\/wp-json\/wp\/v2\/pages\/937\/revisions"}],"predecessor-version":[{"id":940,"href":"https:\/\/license.oneclickjapan.com\/de\/wp-json\/wp\/v2\/pages\/937\/revisions\/940"}],"wp:attachment":[{"href":"https:\/\/license.oneclickjapan.com\/de\/wp-json\/wp\/v2\/media?parent=937"}],"curies":[{"name":"wp","href":"https:\/\/api.w.org\/{rel}","templated":true}]}}