{"id":1084,"date":"2025-02-07T05:35:40","date_gmt":"2025-02-07T05:35:40","guid":{"rendered":"https:\/\/license.oneclickjapan.com\/manuel-dimpression-de-7-eleven\/"},"modified":"2025-02-09T09:08:02","modified_gmt":"2025-02-09T09:08:02","slug":"manuel-dimpression-de-7-eleven","status":"publish","type":"page","link":"https:\/\/license.oneclickjapan.com\/fr\/manuel-dimpression-de-7-eleven\/","title":{"rendered":"Manuel d&rsquo;impression de 7-Eleven"},"content":{"rendered":"\t\t<div data-elementor-type=\"wp-page\" data-elementor-id=\"1084\" class=\"elementor elementor-1084 elementor-1044\" data-elementor-post-type=\"page\">\n\t\t\t\t\t\t<section class=\"elementor-section elementor-top-section elementor-element elementor-element-47f4e6f6 elementor-section-boxed elementor-section-height-default elementor-section-height-default\" data-id=\"47f4e6f6\" data-element_type=\"section\" data-e-type=\"section\">\n\t\t\t\t\t\t<div class=\"elementor-container elementor-column-gap-default\">\n\t\t\t\t\t<div class=\"elementor-column elementor-col-100 elementor-top-column elementor-element elementor-element-9f9e77a\" data-id=\"9f9e77a\" data-element_type=\"column\" data-e-type=\"column\">\n\t\t\t<div class=\"elementor-widget-wrap elementor-element-populated\">\n\t\t\t\t\t\t<div class=\"elementor-element elementor-element-34e53e4 elementor-widget elementor-widget-heading\" data-id=\"34e53e4\" data-element_type=\"widget\" data-e-type=\"widget\" data-widget_type=\"heading.default\">\n\t\t\t\t<div class=\"elementor-widget-container\">\n\t\t\t\t\t<h2 class=\"elementor-heading-title elementor-size-default\">Comment imprimer la traduction de votre permis de conduire <br>dans un magasin 7-Eleven<\/h2>\t\t\t\t<\/div>\n\t\t\t\t<\/div>\n\t\t\t\t\t<\/div>\n\t\t<\/div>\n\t\t\t\t\t<\/div>\n\t\t<\/section>\n\t\t<div class=\"elementor-element elementor-element-a47167d e-flex e-con-boxed e-con e-parent\" data-id=\"a47167d\" data-element_type=\"container\" data-e-type=\"container\">\n\t\t\t\t\t<div class=\"e-con-inner\">\n\t\t\t\t<div class=\"elementor-element elementor-element-8d4ff77 elementor-widget elementor-widget-text-editor\" data-id=\"8d4ff77\" data-element_type=\"widget\" data-e-type=\"widget\" data-widget_type=\"text-editor.default\">\n\t\t\t\t<div class=\"elementor-widget-container\">\n\t\t\t\t\t\t\t\t\t<p>Il y a plus de 21 600 magasins 7-Eleven au Japon, ce qui signifie que vous trouverez facilement l&rsquo;un d&rsquo;entre eux pour imprimer la traduction de votre permis de conduire JAF. Dans l&rsquo;image ci-dessous, vous pouvez voir \u00e0 quoi ressemble un magasin 7-Eleven. <\/p>\n<p><img fetchpriority=\"high\" decoding=\"async\" class=\"aligncenter wp-image-1045 size-large\" src=\"https:\/\/license.oneclickjapan.com\/wp-content\/uploads\/2025\/02\/jaf-code-drivers-license-7-eleven-1024x768.jpg\" alt=\"code jaf permis de conduire 7 onze\" width=\"800\" height=\"600\" srcset=\"https:\/\/license.oneclickjapan.com\/wp-content\/uploads\/2025\/02\/jaf-code-drivers-license-7-eleven-1024x768.jpg 1024w, https:\/\/license.oneclickjapan.com\/wp-content\/uploads\/2025\/02\/jaf-code-drivers-license-7-eleven-300x225.jpg 300w, https:\/\/license.oneclickjapan.com\/wp-content\/uploads\/2025\/02\/jaf-code-drivers-license-7-eleven-768x576.jpg 768w, https:\/\/license.oneclickjapan.com\/wp-content\/uploads\/2025\/02\/jaf-code-drivers-license-7-eleven-1536x1152.jpg 1536w, https:\/\/license.oneclickjapan.com\/wp-content\/uploads\/2025\/02\/jaf-code-drivers-license-7-eleven-2048x1536.jpg 2048w\" sizes=\"(max-width: 800px) 100vw, 800px\" \/><\/p>\n<p>Voici \u00e9galement <a href=\"https:\/\/www.locationsmart.org\/e_index.php?tag=_shopping_conveni_seven\" target=\"_blank\" rel=\"noopener\">une carte<\/a> qui vous indique le 7-Eleven le plus proche.  <\/p>\n<p data-sourcepos=\"3:1-3:42\"><strong>1. Localisez la photocopieuse dans le magasin 7-Eleven.<\/strong><\/p>\n<p data-sourcepos=\"5:1-5:82\">La plupart des magasins 7-Eleven disposent d&rsquo;une photocopieuse multiple. Reportez-vous \u00e0 l&rsquo;image ci-dessous pour l&rsquo;identifier. <\/p>\n<p data-sourcepos=\"5:1-5:82\"><img decoding=\"async\" class=\"alignnone wp-image-1050 size-full\" src=\"https:\/\/license.oneclickjapan.com\/wp-content\/uploads\/2025\/02\/Screenshot-2025-02-07-044424.png\" alt=\"multicopieur 7-eleven\" width=\"395\" height=\"254\" srcset=\"https:\/\/license.oneclickjapan.com\/wp-content\/uploads\/2025\/02\/Screenshot-2025-02-07-044424.png 395w, https:\/\/license.oneclickjapan.com\/wp-content\/uploads\/2025\/02\/Screenshot-2025-02-07-044424-300x193.png 300w\" sizes=\"(max-width: 395px) 100vw, 395px\" \/><\/p>\n<p data-sourcepos=\"7:1-7:52\"><strong>2. S\u00e9lectionnez \u00ab\u00a0English\u00a0\u00bb comme langue pr\u00e9f\u00e9r\u00e9e.<\/strong><\/p>\n<ul data-sourcepos=\"8:1-10:0\">\n<li data-sourcepos=\"8:1-8:28\">Appuyez sur le bouton \u00ab\u00a0Imprimer\u00a0\u00bb.<\/li>\n<li data-sourcepos=\"9:1-10:0\">Un nouveau menu appara\u00eet. S\u00e9lectionnez \u00ab\u00a0netprint\u00a0\u00bb. <\/li>\n<\/ul>\n<p><img decoding=\"async\" class=\"alignnone size-full wp-image-1055\" src=\"https:\/\/license.oneclickjapan.com\/wp-content\/uploads\/2025\/02\/Screenshot-2025-02-07-044431.png\" alt=\"imprimer le permis de conduire 7-eleven\" width=\"720\" height=\"237\" srcset=\"https:\/\/license.oneclickjapan.com\/wp-content\/uploads\/2025\/02\/Screenshot-2025-02-07-044431.png 720w, https:\/\/license.oneclickjapan.com\/wp-content\/uploads\/2025\/02\/Screenshot-2025-02-07-044431-300x99.png 300w\" sizes=\"(max-width: 720px) 100vw, 720px\" \/><\/p>\n<p data-sourcepos=\"11:1-11:47\"><strong>3. Lisez les conditions d&rsquo;utilisation et cliquez sur \u00ab\u00a0OK\u00a0\u00bb.<\/strong><\/p>\n<ul data-sourcepos=\"12:1-14:0\">\n<li data-sourcepos=\"12:1-12:68\">Sur l&rsquo;\u00e9cran suivant, saisissez le code \u00e0 8 chiffres que nous vous avons envoy\u00e9 par courriel.<\/li>\n<li data-sourcepos=\"13:1-14:0\">Appuyez sur \u00ab\u00a0OK\u00a0\u00bb.<\/li>\n<\/ul>\n<p><img loading=\"lazy\" decoding=\"async\" class=\"alignnone size-full wp-image-1060\" src=\"https:\/\/license.oneclickjapan.com\/wp-content\/uploads\/2025\/02\/Screenshot-2025-02-07-044438.png\" alt=\"Code de l'imprimante 7-eleven\" width=\"730\" height=\"287\" srcset=\"https:\/\/license.oneclickjapan.com\/wp-content\/uploads\/2025\/02\/Screenshot-2025-02-07-044438.png 730w, https:\/\/license.oneclickjapan.com\/wp-content\/uploads\/2025\/02\/Screenshot-2025-02-07-044438-300x118.png 300w\" sizes=\"(max-width: 730px) 100vw, 730px\" \/><\/p>\n<p data-sourcepos=\"15:1-15:98\"><strong>4. Un aper\u00e7u de la traduction de votre permis de conduire appara\u00eet \u00e0 droite de l&rsquo;\u00e9cran.<\/strong><\/p>\n<ul data-sourcepos=\"16:1-20:0\">\n<li data-sourcepos=\"16:1-16:38\">Appuyez sur le bouton \u00ab\u00a0Enregistrer et suivre\u00a0\u00bb.<\/li>\n<li data-sourcepos=\"17:1-17:115\">Ins\u00e9rez le montant requis. Il s&rsquo;agit de 20 ou 40 yens, selon que vous avez besoin d&rsquo;imprimer une ou deux pages. <\/li>\n<li data-sourcepos=\"18:1-18:157\">La machine n&rsquo;accepte que les pi\u00e8ces de 10, 50 et 100 yens. Si vous n&rsquo;avez pas de pi\u00e8ces, vous pouvez demander au personnel du 7-Eleven d&rsquo;\u00e9changer vos grosses coupures ou vos billets contre des pi\u00e8ces.   <\/li>\n<li data-sourcepos=\"19:1-20:0\">Cliquez sur le bouton \u00ab\u00a0D\u00e9marrer\u00a0\u00bb.<\/li>\n<\/ul>\n<p data-sourcepos=\"21:1-21:52\"><img loading=\"lazy\" decoding=\"async\" class=\"alignnone size-full wp-image-1065\" src=\"https:\/\/license.oneclickjapan.com\/wp-content\/uploads\/2025\/02\/Screenshot-2025-02-07-044445.png\" alt=\"imprimer la traduction du permis de conduire\" width=\"671\" height=\"249\" srcset=\"https:\/\/license.oneclickjapan.com\/wp-content\/uploads\/2025\/02\/Screenshot-2025-02-07-044445.png 671w, https:\/\/license.oneclickjapan.com\/wp-content\/uploads\/2025\/02\/Screenshot-2025-02-07-044445-300x111.png 300w\" sizes=\"(max-width: 671px) 100vw, 671px\" \/><\/p>\n<p data-sourcepos=\"21:1-21:52\"><strong>5. Votre traduction est en cours d&rsquo;impression.<\/strong><\/p>\n<ul data-sourcepos=\"22:1-25:0\">\n<li data-sourcepos=\"22:1-22:25\">Veuillez patienter.<\/li>\n<li data-sourcepos=\"23:1-23:36\">N&rsquo;appuyez pas sur le bouton \u00ab\u00a0Annuler\u00a0\u00bb.<\/li>\n<li data-sourcepos=\"24:1-25:0\">Lorsque l&rsquo;impression est termin\u00e9e, r\u00e9cup\u00e9rez votre document imprim\u00e9 et appuyez sur le bouton \u00ab\u00a0Fin\u00a0\u00bb.<\/li>\n<\/ul>\n<p><img loading=\"lazy\" decoding=\"async\" class=\"alignnone size-full wp-image-1070\" src=\"https:\/\/license.oneclickjapan.com\/wp-content\/uploads\/2025\/02\/Screenshot-2025-02-07-044452.png\" alt=\"Permis de conduire 7-eleven\" width=\"654\" height=\"216\" srcset=\"https:\/\/license.oneclickjapan.com\/wp-content\/uploads\/2025\/02\/Screenshot-2025-02-07-044452.png 654w, https:\/\/license.oneclickjapan.com\/wp-content\/uploads\/2025\/02\/Screenshot-2025-02-07-044452-300x99.png 300w\" sizes=\"(max-width: 654px) 100vw, 654px\" \/><\/p>\n\t\t\t\t\t\t\t\t<\/div>\n\t\t\t\t<\/div>\n\t\t\t\t\t<\/div>\n\t\t\t\t<\/div>\n\t\t<div class=\"elementor-element elementor-element-226eaf0 e-flex e-con-boxed e-con e-parent\" data-id=\"226eaf0\" data-element_type=\"container\" data-e-type=\"container\">\n\t\t\t\t\t<div class=\"e-con-inner\">\n\t\t\t\t<div class=\"elementor-element elementor-element-b204b97 elementor-cta--skin-cover elementor-animated-content elementor-bg-transform elementor-bg-transform-zoom-in elementor-widget elementor-widget-call-to-action\" data-id=\"b204b97\" data-element_type=\"widget\" data-e-type=\"widget\" data-widget_type=\"call-to-action.default\">\n\t\t\t\t<div class=\"elementor-widget-container\">\n\t\t\t\t\t\t\t<div class=\"elementor-cta\">\n\t\t\t\t\t<div class=\"elementor-cta__bg-wrapper\">\n\t\t\t\t<div class=\"elementor-cta__bg elementor-bg\" style=\"background-image: url(https:\/\/license.oneclickjapan.com\/wp-content\/uploads\/2024\/08\/note-thanun-H1zPQlGb77o-unsplash-1024x771.jpg);\" role=\"img\" aria-label=\"driving in japan drivers license translation\"><\/div>\n\t\t\t\t<div class=\"elementor-cta__bg-overlay\"><\/div>\n\t\t\t<\/div>\n\t\t\t\t\t\t\t<div class=\"elementor-cta__content\">\n\t\t\t\t\n\t\t\t\t\t\t\t\t\t<h2 class=\"elementor-cta__title elementor-cta__content-item elementor-content-item elementor-animated-item--grow\">\n\t\t\t\t\t\tCommandez votre traduction d\u00e8s aujourd'hui\t\t\t\t\t<\/h2>\n\t\t\t\t\n\t\t\t\t\n\t\t\t\t\t\t\t\t\t<div class=\"elementor-cta__button-wrapper elementor-cta__content-item elementor-content-item elementor-animated-item--grow\">\n\t\t\t\t\t<a class=\"elementor-cta__button elementor-button elementor-size-\" href=\"https:\/\/license.oneclickjapan.com\/fr\/appliquer\/\">\n\t\t\t\t\t\tCliquez ici\t\t\t\t\t<\/a>\n\t\t\t\t\t<\/div>\n\t\t\t\t\t\t\t<\/div>\n\t\t\t\t\t\t<\/div>\n\t\t\t\t\t\t<\/div>\n\t\t\t\t<\/div>\n\t\t\t\t\t<\/div>\n\t\t\t\t<\/div>\n\t\t\t\t<\/div>\n\t\t","protected":false},"excerpt":{"rendered":"<p>Comment imprimer la traduction de votre permis de conduire dans un magasin 7-Eleven Il y a plus de 21 600 magasins 7-Eleven au Japon, ce qui signifie que vous trouverez facilement l&rsquo;un d&rsquo;entre eux pour imprimer la traduction de votre permis de conduire JAF. Dans l&rsquo;image ci-dessous, vous pouvez voir \u00e0 quoi ressemble un magasin [&hellip;]<\/p>\n","protected":false},"author":1,"featured_media":0,"parent":0,"menu_order":0,"comment_status":"closed","ping_status":"closed","template":"elementor_header_footer","meta":{"footnotes":""},"class_list":["post-1084","page","type-page","status-publish","hentry"],"_links":{"self":[{"href":"https:\/\/license.oneclickjapan.com\/fr\/wp-json\/wp\/v2\/pages\/1084","targetHints":{"allow":["GET"]}}],"collection":[{"href":"https:\/\/license.oneclickjapan.com\/fr\/wp-json\/wp\/v2\/pages"}],"about":[{"href":"https:\/\/license.oneclickjapan.com\/fr\/wp-json\/wp\/v2\/types\/page"}],"author":[{"embeddable":true,"href":"https:\/\/license.oneclickjapan.com\/fr\/wp-json\/wp\/v2\/users\/1"}],"replies":[{"embeddable":true,"href":"https:\/\/license.oneclickjapan.com\/fr\/wp-json\/wp\/v2\/comments?post=1084"}],"version-history":[{"count":2,"href":"https:\/\/license.oneclickjapan.com\/fr\/wp-json\/wp\/v2\/pages\/1084\/revisions"}],"predecessor-version":[{"id":1153,"href":"https:\/\/license.oneclickjapan.com\/fr\/wp-json\/wp\/v2\/pages\/1084\/revisions\/1153"}],"wp:attachment":[{"href":"https:\/\/license.oneclickjapan.com\/fr\/wp-json\/wp\/v2\/media?parent=1084"}],"curies":[{"name":"wp","href":"https:\/\/api.w.org\/{rel}","templated":true}]}}