{"id":770,"date":"2024-08-21T12:29:24","date_gmt":"2024-08-21T12:29:24","guid":{"rendered":"https:\/\/license.oneclickjapan.com\/a-propos-de-nous\/"},"modified":"2025-12-07T02:06:50","modified_gmt":"2025-12-07T02:06:50","slug":"a-propos-de-nous","status":"publish","type":"page","link":"https:\/\/license.oneclickjapan.com\/fr\/a-propos-de-nous\/","title":{"rendered":"A propos de nous"},"content":{"rendered":"\t\t<div data-elementor-type=\"wp-page\" data-elementor-id=\"770\" class=\"elementor elementor-770 elementor-184\" data-elementor-post-type=\"page\">\n\t\t\t\t<div class=\"elementor-element elementor-element-eab1375 e-flex e-con-boxed e-con e-parent\" data-id=\"eab1375\" data-element_type=\"container\" data-e-type=\"container\">\n\t\t\t\t\t<div class=\"e-con-inner\">\n\t\t\t\t<div class=\"elementor-element elementor-element-1f6f4ca elementor-widget elementor-widget-heading\" data-id=\"1f6f4ca\" data-element_type=\"widget\" data-e-type=\"widget\" data-widget_type=\"heading.default\">\n\t\t\t\t<div class=\"elementor-widget-container\">\n\t\t\t\t\t<h2 class=\"elementor-heading-title elementor-size-default\">Rencontrez l'\u00e9quipe<\/h2>\t\t\t\t<\/div>\n\t\t\t\t<\/div>\n\t\t\t\t\t<\/div>\n\t\t\t\t<\/div>\n\t\t<div class=\"elementor-element elementor-element-ede6590 e-grid e-con-boxed e-con e-parent\" data-id=\"ede6590\" data-element_type=\"container\" data-e-type=\"container\">\n\t\t\t\t\t<div class=\"e-con-inner\">\n\t\t\t\t<div class=\"elementor-element elementor-element-37794a0 elementor-widget elementor-widget-text-editor\" data-id=\"37794a0\" data-element_type=\"widget\" data-e-type=\"widget\" data-widget_type=\"text-editor.default\">\n\t\t\t\t<div class=\"elementor-widget-container\">\n\t\t\t\t\t\t\t\t\t<h2><img decoding=\"async\" class=\"size-full wp-image-1176 aligncenter\" src=\"https:\/\/license.oneclickjapan.com\/wp-content\/uploads\/2025\/02\/Screenshot-2025-02-16-095011.png\" alt=\"\" width=\"229\" height=\"158\"><\/h2>\n<h2>Kai<\/h2>\n<p>Langues : Allemand, anglais, japonais<\/p>\n<p>R\u00f4le : Service client\u00e8le, informatique et marketing<\/p>\n<p>Kai est notre touche-\u00e0-tout aux multiples talents ! Il est la voix amicale que vous entendrez probablement lorsque vous nous contacterez, le magicien de la technologie qui veille \u00e0 ce que tout fonctionne bien et l&rsquo;esprit cr\u00e9atif qui sous-tend nos efforts de marketing. Originaire d&rsquo;Allemagne, l&rsquo;amour de Kai pour les diff\u00e9rentes cultures transpara\u00eet dans son travail et ses passions. Lorsqu&rsquo;il n&rsquo;est pas occup\u00e9 \u00e0 aider les clients, vous pouvez le trouver en train d&rsquo;explorer de nouveaux restaurants (surtout s&rsquo;ils servent de la nourriture cor\u00e9enne !), de fredonner ses com\u00e9dies musicales pr\u00e9f\u00e9r\u00e9es ou de planifier sa prochaine aventure de voyage. Il a \u00e9galement un faible pour les animaux et adore passer du temps dans la nature.    <\/p>\n<div class=\"container\"> <\/div>\n\t\t\t\t\t\t\t\t<\/div>\n\t\t\t\t<\/div>\n\t\t\t\t<div class=\"elementor-element elementor-element-b670e9b elementor-widget elementor-widget-text-editor\" data-id=\"b670e9b\" data-element_type=\"widget\" data-e-type=\"widget\" data-widget_type=\"text-editor.default\">\n\t\t\t\t<div class=\"elementor-widget-container\">\n\t\t\t\t\t\t\t\t\t<h2><img decoding=\"async\" class=\"size-full wp-image-1181 aligncenter\" src=\"https:\/\/license.oneclickjapan.com\/wp-content\/uploads\/2025\/02\/Screenshot-2025-02-16-095104.png\" alt=\"\" width=\"228\" height=\"163\"><\/h2>\n<h2>Ai<\/h2>\n<p>Langues : Japonais, anglais, allemand<\/p>\n<p>R\u00f4le : Service client\u00e8le et exp\u00e9dition<\/p>\n<p>Ai est au c\u0153ur de nos op\u00e9rations, veillant \u00e0 ce que vos commandes soient trait\u00e9es et exp\u00e9di\u00e9es avec soin. Son souci du d\u00e9tail et son d\u00e9vouement \u00e0 la satisfaction du client sont sans \u00e9gal. Elle est passionn\u00e9e par la cr\u00e9ation d&rsquo;une exp\u00e9rience transparente pour chaque client. En dehors du travail, Ai aime se d\u00e9tendre avec un bon livre et une tasse de caf\u00e9 parfaitement pr\u00e9par\u00e9e. Elle partage un amour pour les animaux et les com\u00e9dies musicales, et vous pouvez \u00e9galement la trouver en train d&rsquo;exp\u00e9rimenter des projets de fermentation ou d&rsquo;explorer le monde fascinant des plantes m\u00e9dicinales. Du kombucha au kimchi en passant par les rem\u00e8des \u00e0 base de plantes, Ai ne cesse d&rsquo;apprendre et de cr\u00e9er !     <\/p>\n<div class=\"container\"> <\/div>\n\t\t\t\t\t\t\t\t<\/div>\n\t\t\t\t<\/div>\n\t\t\t\t<div class=\"elementor-element elementor-element-9897c16 elementor-widget elementor-widget-text-editor\" data-id=\"9897c16\" data-element_type=\"widget\" data-e-type=\"widget\" data-widget_type=\"text-editor.default\">\n\t\t\t\t<div class=\"elementor-widget-container\">\n\t\t\t\t\t\t\t\t\t<h2><img decoding=\"async\" class=\"size-full wp-image-1187 aligncenter\" src=\"https:\/\/license.oneclickjapan.com\/wp-content\/uploads\/2025\/02\/Screenshot-2025-02-16-095559.png\" alt=\"\" width=\"181\" height=\"159\"><\/h2>\n<h2>Mimi<\/h2>\n<p>Langues : Chat (courant)<\/p>\n<p>R\u00f4le : Chat officiel du bureau<\/p>\n<p>Notre grande dame Mimi, \u00e2g\u00e9e de 18 ans, est le membre le plus parfait de notre \u00e9quipe ! Elle apporte un sentiment de calme et de joie au bureau, nous rappelant de faire des pauses et d&rsquo;appr\u00e9cier les petites choses. Ses responsabilit\u00e9s consistent \u00e0 superviser toutes les activit\u00e9s du bureau (surtout la sieste), \u00e0 tester le niveau de confort de toutes les chaises et, \u00e0 l&rsquo;occasion, \u00e0 donner son avis d'\u00a0\u00bbexperte\u00a0\u00bb sur les mat\u00e9riaux d&#8217;emballage. Les choses que Mimi pr\u00e9f\u00e8re sont le poisson (bien s\u00fbr !), les longues siestes et, d&rsquo;une mani\u00e8re g\u00e9n\u00e9rale, le fait d&rsquo;\u00eatre ador\u00e9e par tout le monde.   <\/p>\n\t\t\t\t\t\t\t\t<\/div>\n\t\t\t\t<\/div>\n\t\t\t\t\t<\/div>\n\t\t\t\t<\/div>\n\t\t\t\t<section class=\"elementor-section elementor-top-section elementor-element elementor-element-64ae25b4 elementor-reverse-mobile elementor-section-boxed elementor-section-height-default elementor-section-height-default\" data-id=\"64ae25b4\" data-element_type=\"section\" data-e-type=\"section\">\n\t\t\t\t\t\t<div class=\"elementor-container elementor-column-gap-default\">\n\t\t\t\t\t<div class=\"elementor-column elementor-col-50 elementor-top-column elementor-element elementor-element-337b60a8\" data-id=\"337b60a8\" data-element_type=\"column\" data-e-type=\"column\" data-settings=\"{&quot;background_background&quot;:&quot;classic&quot;}\">\n\t\t\t<div class=\"elementor-widget-wrap elementor-element-populated\">\n\t\t\t\t\t\t<section class=\"elementor-section elementor-inner-section elementor-element elementor-element-1f19f822 elementor-section-boxed elementor-section-height-default elementor-section-height-default\" data-id=\"1f19f822\" data-element_type=\"section\" data-e-type=\"section\">\n\t\t\t\t\t\t<div class=\"elementor-container elementor-column-gap-default\">\n\t\t\t\t\t<div class=\"elementor-column elementor-col-100 elementor-inner-column elementor-element elementor-element-2df64156\" data-id=\"2df64156\" data-element_type=\"column\" data-e-type=\"column\" data-settings=\"{&quot;background_background&quot;:&quot;classic&quot;}\">\n\t\t\t<div class=\"elementor-widget-wrap elementor-element-populated\">\n\t\t\t\t\t\t<div class=\"elementor-element elementor-element-51fac3f0 elementor-widget elementor-widget-counter\" data-id=\"51fac3f0\" data-element_type=\"widget\" data-e-type=\"widget\" data-widget_type=\"counter.default\">\n\t\t\t\t<div class=\"elementor-widget-container\">\n\t\t\t\t\t\t\t<div class=\"elementor-counter\">\n\t\t\t<div class=\"elementor-counter-title\">Ann\u00e9es d'exp\u00e9rience<\/div>\t\t\t<div class=\"elementor-counter-number-wrapper\">\n\t\t\t\t<span class=\"elementor-counter-number-prefix\"><\/span>\n\t\t\t\t<span class=\"elementor-counter-number\" data-duration=\"2000\" data-to-value=\"20\" data-from-value=\"0\" data-delimiter=\",\">0<\/span>\n\t\t\t\t<span class=\"elementor-counter-number-suffix\">+<\/span>\n\t\t\t<\/div>\n\t\t<\/div>\n\t\t\t\t\t\t<\/div>\n\t\t\t\t<\/div>\n\t\t\t\t\t<\/div>\n\t\t<\/div>\n\t\t\t\t\t<\/div>\n\t\t<\/section>\n\t\t\t\t\t<\/div>\n\t\t<\/div>\n\t\t\t\t<div class=\"elementor-column elementor-col-50 elementor-top-column elementor-element elementor-element-32e3f9f8\" data-id=\"32e3f9f8\" data-element_type=\"column\" data-e-type=\"column\">\n\t\t\t<div class=\"elementor-widget-wrap elementor-element-populated\">\n\t\t\t\t\t\t<div class=\"elementor-element elementor-element-35d74d52 elementor-invisible elementor-widget elementor-widget-text-editor\" data-id=\"35d74d52\" data-element_type=\"widget\" data-e-type=\"widget\" data-settings=\"{&quot;_animation&quot;:&quot;fadeInUp&quot;}\" data-widget_type=\"text-editor.default\">\n\t\t\t\t<div class=\"elementor-widget-container\">\n\t\t\t\t\t\t\t\t\t<p>A propos de nous<\/p>\n\t\t\t\t\t\t\t\t<\/div>\n\t\t\t\t<\/div>\n\t\t\t\t<div class=\"elementor-element elementor-element-3d0aa6d4 elementor-invisible elementor-widget elementor-widget-heading\" data-id=\"3d0aa6d4\" data-element_type=\"widget\" data-e-type=\"widget\" data-settings=\"{&quot;_animation&quot;:&quot;fadeInUp&quot;,&quot;_animation_delay&quot;:200}\" data-widget_type=\"heading.default\">\n\t\t\t\t<div class=\"elementor-widget-container\">\n\t\t\t\t\t<h2 class=\"elementor-heading-title elementor-size-default\">Pour tous vos besoins de traduction de permis de conduire !<\/h2>\t\t\t\t<\/div>\n\t\t\t\t<\/div>\n\t\t\t\t<div class=\"elementor-element elementor-element-432d4eb1 elementor-invisible elementor-widget elementor-widget-text-editor\" data-id=\"432d4eb1\" data-element_type=\"widget\" data-e-type=\"widget\" data-settings=\"{&quot;_animation&quot;:&quot;fadeInUp&quot;,&quot;_animation_delay&quot;:400}\" data-widget_type=\"text-editor.default\">\n\t\t\t\t<div class=\"elementor-widget-container\">\n\t\t\t\t\t\t\t\t\t<p>Chez <a href=\"https:\/\/oneclickjapan.com\/fr\/\">One Click Japan<\/a>, nous sommes sp\u00e9cialis\u00e9s dans la traduction de permis de conduire japonais officiels, enti\u00e8rement reconnus par la Japan Automobile Federation (JAF). Depuis notre cr\u00e9ation, nous nous sommes engag\u00e9s \u00e0 aider les conducteurs internationaux \u00e0 prendre la route au Japon avec confiance et facilit\u00e9. Notre \u00e9quipe d&rsquo;experts, avec plus de 20 ans d&rsquo;exp\u00e9rience dans l&rsquo;industrie, se consacre \u00e0 fournir des services de traduction rapides, pr\u00e9cis et sans tracas.<\/p>\t\t\t\t\t\t\t\t<\/div>\n\t\t\t\t<\/div>\n\t\t\t\t<div class=\"elementor-element elementor-element-62660b4c elementor-widget elementor-widget-elementskit-accordion\" data-id=\"62660b4c\" data-element_type=\"widget\" data-e-type=\"widget\" data-widget_type=\"elementskit-accordion.default\">\n\t\t\t\t<div class=\"elementor-widget-container\">\n\t\t\t\t\t<div class=\"ekit-wid-con\" >\n        <div class=\"elementskit-accordion accoedion-primary\" id=\"accordion-69f4f956921bb\">\n\n            \n                <div class=\"elementskit-card active\">\n                    <div class=\"elementskit-card-header\" id=\"primaryHeading-0-62660b4c\">\n                        <a href=\"#collapse-3fd454569f4f956921bb\" class=\"ekit-accordion--toggler elementskit-btn-link collapsed\" data-ekit-toggle=\"collapse\" data-target=\"#Collapse-3fd454569f4f956921bb\" aria-expanded=\"true\" aria-controls=\"Collapse-3fd454569f4f956921bb\">\n                            \n                            <span class=\"ekit-accordion-title\">Notre vision<\/span>\n\n                            \n                                <div class=\"ekit_accordion_icon_group\">\n                                    <div class=\"ekit_accordion_normal_icon\">\n                                        <!-- Normal Icon -->\n\t\t\t\t\t\t\t\t\t\t<i class=\"icon icon-download-arrow\"><\/i>                                    <\/div>\n\n                                    <div class=\"ekit_accordion_active_icon\">\n                                        <!-- Active Icon -->\n\t\t\t\t\t\t\t\t\t\t<i class=\"icon icon-left-arrow\"><\/i>                                    <\/div>\n                                <\/div>\n\n                            \n                                                    <\/a>\n                    <\/div>\n\n                    <div id=\"Collapse-3fd454569f4f956921bb\" class=\" show collapse\" aria-labelledby=\"primaryHeading-0-62660b4c\" data-parent=\"#accordion-69f4f956921bb\">\n\n                        <div class=\"elementskit-card-body ekit-accordion--content\">\n                            <p>\u00catre le premier fournisseur de services de traduction de permis de conduire fiables et transparents, en veillant \u00e0 ce que chaque conducteur international au Japon puisse naviguer sur les routes en toute confiance.<\/p>                        <\/div>\n\n                    <\/div>\n\n                <\/div><!-- .elementskit-card END -->\n\n                \n                <div class=\"elementskit-card \">\n                    <div class=\"elementskit-card-header\" id=\"primaryHeading-1-62660b4c\">\n                        <a href=\"#collapse-b82c60869f4f956921bb\" class=\"ekit-accordion--toggler elementskit-btn-link collapsed\" data-ekit-toggle=\"collapse\" data-target=\"#Collapse-b82c60869f4f956921bb\" aria-expanded=\"false\" aria-controls=\"Collapse-b82c60869f4f956921bb\">\n                            \n                            <span class=\"ekit-accordion-title\">Notre mission<\/span>\n\n                            \n                                <div class=\"ekit_accordion_icon_group\">\n                                    <div class=\"ekit_accordion_normal_icon\">\n                                        <!-- Normal Icon -->\n\t\t\t\t\t\t\t\t\t\t<i class=\"icon icon-download-arrow\"><\/i>                                    <\/div>\n\n                                    <div class=\"ekit_accordion_active_icon\">\n                                        <!-- Active Icon -->\n\t\t\t\t\t\t\t\t\t\t<i class=\"icon icon-left-arrow\"><\/i>                                    <\/div>\n                                <\/div>\n\n                            \n                                                    <\/a>\n                    <\/div>\n\n                    <div id=\"Collapse-b82c60869f4f956921bb\" class=\" collapse\" aria-labelledby=\"primaryHeading-1-62660b4c\" data-parent=\"#accordion-69f4f956921bb\">\n\n                        <div class=\"elementskit-card-body ekit-accordion--content\">\n                            <p>Simplifier le processus d'obtention de traductions officielles de permis de conduire japonais gr\u00e2ce \u00e0 un service rapide, fiable et ax\u00e9 sur le client, afin que chaque voyage au Japon se d\u00e9roule sans souci.<\/p>                        <\/div>\n\n                    <\/div>\n\n                <\/div><!-- .elementskit-card END -->\n\n                                        <\/div>\n    <\/div>\t\t\t\t<\/div>\n\t\t\t\t<\/div>\n\t\t\t\t<div class=\"elementor-element elementor-element-8394c5b elementor-align-left elementor-mobile-align-center elementor-invisible elementor-widget elementor-widget-button\" data-id=\"8394c5b\" data-element_type=\"widget\" data-e-type=\"widget\" data-settings=\"{&quot;_animation&quot;:&quot;fadeInUp&quot;,&quot;_animation_delay&quot;:600}\" data-widget_type=\"button.default\">\n\t\t\t\t<div class=\"elementor-widget-container\">\n\t\t\t\t\t\t\t\t\t<div class=\"elementor-button-wrapper\">\n\t\t\t\t\t<a class=\"elementor-button elementor-button-link elementor-size-sm\" href=\"https:\/\/license.oneclickjapan.com\/fr\/contactez-nous\/\">\n\t\t\t\t\t\t<span class=\"elementor-button-content-wrapper\">\n\t\t\t\t\t\t<span class=\"elementor-button-icon\">\n\t\t\t\t<i aria-hidden=\"true\" class=\"icon icon-right-arrow\"><\/i>\t\t\t<\/span>\n\t\t\t\t\t\t\t\t\t<span class=\"elementor-button-text\">En savoir plus<\/span>\n\t\t\t\t\t<\/span>\n\t\t\t\t\t<\/a>\n\t\t\t\t<\/div>\n\t\t\t\t\t\t\t\t<\/div>\n\t\t\t\t<\/div>\n\t\t\t\t\t<\/div>\n\t\t<\/div>\n\t\t\t\t\t<\/div>\n\t\t<\/section>\n\t\t\t\t<section class=\"elementor-section elementor-top-section elementor-element elementor-element-500fdbfc elementor-section-boxed elementor-section-height-default elementor-section-height-default\" data-id=\"500fdbfc\" data-element_type=\"section\" data-e-type=\"section\" id=\"xs_cta_style_16\">\n\t\t\t\t\t\t<div class=\"elementor-container elementor-column-gap-default\">\n\t\t\t\t\t<div class=\"elementor-column elementor-col-100 elementor-top-column elementor-element elementor-element-66791cf6\" data-id=\"66791cf6\" data-element_type=\"column\" data-e-type=\"column\">\n\t\t\t<div class=\"elementor-widget-wrap elementor-element-populated\">\n\t\t\t\t\t\t<div class=\"elementor-element elementor-element-49fb15c elementor-invisible elementor-widget elementor-widget-text-editor\" data-id=\"49fb15c\" data-element_type=\"widget\" data-e-type=\"widget\" data-settings=\"{&quot;_animation&quot;:&quot;fadeInUp&quot;}\" data-widget_type=\"text-editor.default\">\n\t\t\t\t<div class=\"elementor-widget-container\">\n\t\t\t\t\t\t\t\t\t<p>Notre processus<\/p>\n\t\t\t\t\t\t\t\t<\/div>\n\t\t\t\t<\/div>\n\t\t\t\t<section class=\"elementor-section elementor-inner-section elementor-element elementor-element-7021747d elementor-section-full_width elementor-section-height-default elementor-section-height-default\" data-id=\"7021747d\" data-element_type=\"section\" data-e-type=\"section\">\n\t\t\t\t\t\t<div class=\"elementor-container elementor-column-gap-default\">\n\t\t\t\t\t<div class=\"elementor-column elementor-col-50 elementor-inner-column elementor-element elementor-element-6de0a3ee\" data-id=\"6de0a3ee\" data-element_type=\"column\" data-e-type=\"column\">\n\t\t\t<div class=\"elementor-widget-wrap elementor-element-populated\">\n\t\t\t\t\t\t<div class=\"elementor-element elementor-element-312b0d5 elementor-widget elementor-widget-elementskit-heading\" data-id=\"312b0d5\" data-element_type=\"widget\" data-e-type=\"widget\" data-widget_type=\"elementskit-heading.default\">\n\t\t\t\t<div class=\"elementor-widget-container\">\n\t\t\t\t\t<div class=\"ekit-wid-con\" ><div class=\"ekit-heading elementskit-section-title-wraper text_left   ekit_heading_tablet-   ekit_heading_mobile-\"><h2 class=\"ekit-heading--title elementskit-section-title \">Pourquoi <span><span>nous<\/span><\/span> choisir ?<\/h2>\t\t\t\t<div class='ekit-heading__description'>\n\t\t\t\t\t<p>One Click Japan propose des prix comp\u00e9titifs, un traitement rapide et une volont\u00e9 d'excellence. Nos traductions approuv\u00e9es par le JAF sont garanties comme \u00e9tant accept\u00e9es par les autorit\u00e9s japonaises, ce qui vous permet d'avoir l'esprit tranquille.<\/p>\n<p>Nous mettons l'accent sur la s\u00e9curit\u00e9 des donn\u00e9es, la transparence et la satisfaction des clients. Notre \u00e9quipe d'assistance multilingue s'engage \u00e0 offrir une aide personnalis\u00e9e, garantissant \u00e0 chaque client un service exceptionnel.<\/p>\n\t\t\t\t<\/div>\n\t\t\t<\/div><\/div>\t\t\t\t<\/div>\n\t\t\t\t<\/div>\n\t\t\t\t<div class=\"elementor-element elementor-element-5c4fb7fb elementor-widget elementor-widget-elementskit-heading\" data-id=\"5c4fb7fb\" data-element_type=\"widget\" data-e-type=\"widget\" data-widget_type=\"elementskit-heading.default\">\n\t\t\t\t<div class=\"elementor-widget-container\">\n\t\t\t\t\t<div class=\"ekit-wid-con\" ><div class=\"ekit-heading elementskit-section-title-wraper text_center   ekit_heading_tablet-   ekit_heading_mobile-\"><h2 class=\"ekit-heading--title elementskit-section-title \">Ce que nous offrons<\/h2><div class=\"ekit_heading_separetor_wraper ekit_heading_elementskit-border-divider ekit-dotted\"><div class=\"elementskit-border-divider ekit-dotted\"><\/div><\/div>\t\t\t\t<div class='ekit-heading__description'>\n\t\t\t\t\t<p>Nous fournissons des traductions certifi\u00e9es pour les permis de conduire allemands, fran\u00e7ais, belges, suisses, mon\u00e9gasques et ta\u00efwanais. Nos services sont personnalis\u00e9s pour r\u00e9pondre aux besoins de nos clients, avec de multiples options de livraison, y compris des services express et l'auto-impression dans les magasins 7-Eleven \u00e0 travers le Japon. <\/p>\n\t\t\t\t<\/div>\n\t\t\t<\/div><\/div>\t\t\t\t<\/div>\n\t\t\t\t<\/div>\n\t\t\t\t\t<\/div>\n\t\t<\/div>\n\t\t\t\t<div class=\"elementor-column elementor-col-50 elementor-inner-column elementor-element elementor-element-48cd39a\" data-id=\"48cd39a\" data-element_type=\"column\" data-e-type=\"column\">\n\t\t\t<div class=\"elementor-widget-wrap elementor-element-populated\">\n\t\t\t\t\t\t<div class=\"elementor-element elementor-element-75425b50 elementor-align-right elementor-align--mobilecenter elementor-widget elementor-widget-elementskit-button\" data-id=\"75425b50\" data-element_type=\"widget\" data-e-type=\"widget\" data-widget_type=\"elementskit-button.default\">\n\t\t\t\t<div class=\"elementor-widget-container\">\n\t\t\t\t\t<div class=\"ekit-wid-con\" >\t\t<div class=\"ekit-btn-wraper\">\n\t\t\t\t\t\t\t<a href=\"https:\/\/license.oneclickjapan.com\/order\/\" class=\"elementskit-btn  whitespace--normal\" id=\"\">\n\t\t\t\t\tCommander\t\t\t\t<\/a>\n\t\t\t\t\t<\/div>\n        <\/div>\t\t\t\t<\/div>\n\t\t\t\t<\/div>\n\t\t\t\t\t<\/div>\n\t\t<\/div>\n\t\t\t\t\t<\/div>\n\t\t<\/section>\n\t\t\t\t\t<\/div>\n\t\t<\/div>\n\t\t\t\t\t<\/div>\n\t\t<\/section>\n\t\t\t\t<section class=\"elementor-section elementor-top-section elementor-element elementor-element-1383aa0 elementor-section-boxed elementor-section-height-default elementor-section-height-default\" data-id=\"1383aa0\" data-element_type=\"section\" data-e-type=\"section\" data-settings=\"{&quot;background_background&quot;:&quot;classic&quot;}\">\n\t\t\t\t\t\t\t<div class=\"elementor-background-overlay\"><\/div>\n\t\t\t\t\t\t\t<div class=\"elementor-container elementor-column-gap-default\">\n\t\t\t\t\t<div class=\"elementor-column elementor-col-100 elementor-top-column elementor-element elementor-element-6ad4d9e1\" data-id=\"6ad4d9e1\" data-element_type=\"column\" data-e-type=\"column\">\n\t\t\t<div class=\"elementor-widget-wrap elementor-element-populated\">\n\t\t\t\t\t\t<div class=\"elementor-element elementor-element-384acbaa elementor-invisible elementor-widget elementor-widget-heading\" data-id=\"384acbaa\" data-element_type=\"widget\" data-e-type=\"widget\" data-settings=\"{&quot;_animation&quot;:&quot;fadeInUp&quot;,&quot;_animation_delay&quot;:200}\" data-widget_type=\"heading.default\">\n\t\t\t\t<div class=\"elementor-widget-container\">\n\t\t\t\t\t<h2 class=\"elementor-heading-title elementor-size-default\">Contactez nous<\/h2>\t\t\t\t<\/div>\n\t\t\t\t<\/div>\n\t\t\t\t<div class=\"elementor-element elementor-element-268e02c9 elementor-invisible elementor-widget elementor-widget-text-editor\" data-id=\"268e02c9\" data-element_type=\"widget\" data-e-type=\"widget\" data-settings=\"{&quot;_animation&quot;:&quot;fadeInUp&quot;}\" data-widget_type=\"text-editor.default\">\n\t\t\t\t<div class=\"elementor-widget-container\">\n\t\t\t\t\t\t\t\t\t<p>Nous sommes l\u00e0 pour vous aider ! Pour toute question ou assistance suppl\u00e9mentaire, n&rsquo;h\u00e9sitez pas \u00e0 contacter notre \u00e9quipe d&rsquo;assistance \u00e0 la client\u00e8le. Nous nous engageons \u00e0 rendre votre exp\u00e9rience de conduite au Japon aussi agr\u00e9able que possible.  <\/p>\n\t\t\t\t\t\t\t\t<\/div>\n\t\t\t\t<\/div>\n\t\t\t\t<div class=\"elementor-element elementor-element-589f6b19 elementor-align-center elementor-mobile-align-center elementor-invisible elementor-widget elementor-widget-button\" data-id=\"589f6b19\" data-element_type=\"widget\" data-e-type=\"widget\" data-settings=\"{&quot;_animation&quot;:&quot;fadeInUp&quot;,&quot;_animation_delay&quot;:600}\" data-widget_type=\"button.default\">\n\t\t\t\t<div class=\"elementor-widget-container\">\n\t\t\t\t\t\t\t\t\t<div class=\"elementor-button-wrapper\">\n\t\t\t\t\t<a class=\"elementor-button elementor-button-link elementor-size-sm\" href=\"https:\/\/license.oneclickjapan.com\/fr\/contactez-nous\/\">\n\t\t\t\t\t\t<span class=\"elementor-button-content-wrapper\">\n\t\t\t\t\t\t<span class=\"elementor-button-icon\">\n\t\t\t\t<i aria-hidden=\"true\" class=\"icon icon-right-arrow\"><\/i>\t\t\t<\/span>\n\t\t\t\t\t\t\t\t\t<span class=\"elementor-button-text\">Prenez contact avec nous<\/span>\n\t\t\t\t\t<\/span>\n\t\t\t\t\t<\/a>\n\t\t\t\t<\/div>\n\t\t\t\t\t\t\t\t<\/div>\n\t\t\t\t<\/div>\n\t\t\t\t\t<\/div>\n\t\t<\/div>\n\t\t\t\t\t<\/div>\n\t\t<\/section>\n\t\t\t\t<\/div>\n\t\t","protected":false},"excerpt":{"rendered":"<p>Rencontrez l&rsquo;\u00e9quipe Kai Langues : Allemand, anglais, japonais R\u00f4le : Service client\u00e8le, informatique et marketing Kai est notre touche-\u00e0-tout aux multiples talents ! Il est la voix amicale que vous entendrez probablement lorsque vous nous contacterez, le magicien de la technologie qui veille \u00e0 ce que tout fonctionne bien et l&rsquo;esprit cr\u00e9atif qui sous-tend nos [&hellip;]<\/p>\n","protected":false},"author":2,"featured_media":0,"parent":0,"menu_order":0,"comment_status":"closed","ping_status":"closed","template":"elementor_header_footer","meta":{"footnotes":""},"class_list":["post-770","page","type-page","status-publish","hentry"],"_links":{"self":[{"href":"https:\/\/license.oneclickjapan.com\/fr\/wp-json\/wp\/v2\/pages\/770","targetHints":{"allow":["GET"]}}],"collection":[{"href":"https:\/\/license.oneclickjapan.com\/fr\/wp-json\/wp\/v2\/pages"}],"about":[{"href":"https:\/\/license.oneclickjapan.com\/fr\/wp-json\/wp\/v2\/types\/page"}],"author":[{"embeddable":true,"href":"https:\/\/license.oneclickjapan.com\/fr\/wp-json\/wp\/v2\/users\/2"}],"replies":[{"embeddable":true,"href":"https:\/\/license.oneclickjapan.com\/fr\/wp-json\/wp\/v2\/comments?post=770"}],"version-history":[{"count":19,"href":"https:\/\/license.oneclickjapan.com\/fr\/wp-json\/wp\/v2\/pages\/770\/revisions"}],"predecessor-version":[{"id":1783,"href":"https:\/\/license.oneclickjapan.com\/fr\/wp-json\/wp\/v2\/pages\/770\/revisions\/1783"}],"wp:attachment":[{"href":"https:\/\/license.oneclickjapan.com\/fr\/wp-json\/wp\/v2\/media?parent=770"}],"curies":[{"name":"wp","href":"https:\/\/api.w.org\/{rel}","templated":true}]}}