{"id":912,"date":"2024-09-04T14:37:32","date_gmt":"2024-09-04T14:37:32","guid":{"rendered":"https:\/\/license.oneclickjapan.com\/conditions-generales-dutilisation\/"},"modified":"2025-05-05T04:23:33","modified_gmt":"2025-05-05T04:23:33","slug":"conditions-generales-dutilisation","status":"publish","type":"page","link":"https:\/\/license.oneclickjapan.com\/fr\/conditions-generales-dutilisation\/","title":{"rendered":"Conditions g\u00e9n\u00e9rales d&rsquo;utilisation"},"content":{"rendered":"<style>.elementor-912 .elementor-element.elementor-element-0e8d9f4{--display:flex;}.elementor-912 .elementor-element.elementor-element-2f7cc40{text-align:center;}.elementor-912 .elementor-element.elementor-element-2f7cc40 > .elementor-widget-container{margin:50px 50px 50px 50px;}.elementor-912 .elementor-element.elementor-element-47c2ea4{--display:flex;--padding-top:50px;--padding-bottom:50px;--padding-left:50px;--padding-right:50px;}.elementor-912 .elementor-element.elementor-element-f5e105f .elementor-heading-title{font-size:30px;}.elementor-912 .elementor-element.elementor-element-3345ed0 .elementor-heading-title{font-size:30px;}.elementor-912 .elementor-element.elementor-element-93419dd .elementor-heading-title{font-size:30px;}.elementor-912 .elementor-element.elementor-element-47a0099 .elementor-heading-title{font-size:30px;}.elementor-912 .elementor-element.elementor-element-54662a3 .elementor-heading-title{font-size:30px;}.elementor-912 .elementor-element.elementor-element-c3aae41 .elementor-heading-title{font-size:30px;}.elementor-912 .elementor-element.elementor-element-0ac3ecb .elementor-heading-title{font-size:30px;}.elementor-912 .elementor-element.elementor-element-65f44ca .elementor-heading-title{font-size:30px;}.elementor-912 .elementor-element.elementor-element-bd2c7a9 .elementor-heading-title{font-size:30px;}.elementor-912 .elementor-element.elementor-element-cc34acc .elementor-heading-title{font-size:30px;}<\/style>\t\t<div data-elementor-type=\"wp-page\" data-elementor-id=\"912\" class=\"elementor elementor-912 elementor-674\" data-elementor-post-type=\"page\">\n\t\t\t\t<div class=\"elementor-element elementor-element-0e8d9f4 e-flex e-con-boxed e-con e-parent\" data-id=\"0e8d9f4\" data-element_type=\"container\" data-e-type=\"container\">\n\t\t\t\t\t<div class=\"e-con-inner\">\n\t\t\t\t\t<\/div>\n\t\t\t\t<\/div>\n\t\t<div class=\"elementor-element elementor-element-47c2ea4 e-flex e-con-boxed e-con e-parent\" data-id=\"47c2ea4\" data-element_type=\"container\" data-e-type=\"container\">\n\t\t\t\t\t<div class=\"e-con-inner\">\n\t\t\t\t<div class=\"elementor-element elementor-element-f5e105f elementor-widget elementor-widget-heading\" data-id=\"f5e105f\" data-element_type=\"widget\" data-e-type=\"widget\" data-widget_type=\"heading.default\">\n\t\t\t\t<div class=\"elementor-widget-container\">\n\t\t\t\t\t<h2 class=\"elementor-heading-title elementor-size-default\">Introduction<\/h2>\t\t\t\t<\/div>\n\t\t\t\t<\/div>\n\t\t\t\t<div class=\"elementor-element elementor-element-46be85e elementor-widget elementor-widget-text-editor\" data-id=\"46be85e\" data-element_type=\"widget\" data-e-type=\"widget\" data-widget_type=\"text-editor.default\">\n\t\t\t\t<div class=\"elementor-widget-container\">\n\t\t\t\t\t\t\t\t\t<p>Chez One Click Japan, la protection de votre vie priv\u00e9e est notre priorit\u00e9 absolue. Cette politique d\u00e9crit la mani\u00e8re dont nous recueillons, utilisons et prot\u00e9geons vos informations personnelles lorsque vous utilisez nos services. <\/p>\t\t\t\t\t\t\t\t<\/div>\n\t\t\t\t<\/div>\n\t\t\t\t<div class=\"elementor-element elementor-element-3345ed0 elementor-widget elementor-widget-heading\" data-id=\"3345ed0\" data-element_type=\"widget\" data-e-type=\"widget\" data-widget_type=\"heading.default\">\n\t\t\t\t<div class=\"elementor-widget-container\">\n\t\t\t\t\t<h2 class=\"elementor-heading-title elementor-size-default\">Aper\u00e7u des services<\/h2>\t\t\t\t<\/div>\n\t\t\t\t<\/div>\n\t\t\t\t<div class=\"elementor-element elementor-element-4c64ae7 elementor-widget elementor-widget-text-editor\" data-id=\"4c64ae7\" data-element_type=\"widget\" data-e-type=\"widget\" data-widget_type=\"text-editor.default\">\n\t\t\t\t<div class=\"elementor-widget-container\">\n\t\t\t\t\t\t\t\t\t<p>One Click Japan propose des traductions certifi\u00e9es de permis de conduire \u00e9trangers en japonais. Nos services s&rsquo;adressent aux personnes qui ont besoin que leur permis soit traduit et reconnu par les autorit\u00e9s japonaises. <\/p>\t\t\t\t\t\t\t\t<\/div>\n\t\t\t\t<\/div>\n\t\t\t\t<div class=\"elementor-element elementor-element-93419dd elementor-widget elementor-widget-heading\" data-id=\"93419dd\" data-element_type=\"widget\" data-e-type=\"widget\" data-widget_type=\"heading.default\">\n\t\t\t\t<div class=\"elementor-widget-container\">\n\t\t\t\t\t<h2 class=\"elementor-heading-title elementor-size-default\">Responsabilit\u00e9s de l'utilisateur<\/h2>\t\t\t\t<\/div>\n\t\t\t\t<\/div>\n\t\t\t\t<div class=\"elementor-element elementor-element-1df1758 elementor-widget elementor-widget-text-editor\" data-id=\"1df1758\" data-element_type=\"widget\" data-e-type=\"widget\" data-widget_type=\"text-editor.default\">\n\t\t\t\t<div class=\"elementor-widget-container\">\n\t\t\t\t\t\t\t\t\t<p>Vous acceptez de fournir des informations exactes et compl\u00e8tes lorsque vous utilisez nos services. Toute utilisation abusive de nos services, y compris la fourniture de fausses informations, est interdite et peut entra\u00eener la r\u00e9siliation du service. <\/p>\t\t\t\t\t\t\t\t<\/div>\n\t\t\t\t<\/div>\n\t\t\t\t<div class=\"elementor-element elementor-element-47a0099 elementor-widget elementor-widget-heading\" data-id=\"47a0099\" data-element_type=\"widget\" data-e-type=\"widget\" data-widget_type=\"heading.default\">\n\t\t\t\t<div class=\"elementor-widget-container\">\n\t\t\t\t\t<h2 class=\"elementor-heading-title elementor-size-default\">Paiement et tarification<\/h2>\t\t\t\t<\/div>\n\t\t\t\t<\/div>\n\t\t\t\t<div class=\"elementor-element elementor-element-090354a elementor-widget elementor-widget-text-editor\" data-id=\"090354a\" data-element_type=\"widget\" data-e-type=\"widget\" data-widget_type=\"text-editor.default\">\n\t\t\t\t<div class=\"elementor-widget-container\">\n\t\t\t\t\t\t\t\t\t<p>Tous les paiements pour les services doivent \u00eatre effectu\u00e9s \u00e0 l&rsquo;avance. Les prix sont susceptibles d&rsquo;\u00eatre modifi\u00e9s sans pr\u00e9avis, mais ces changements n&rsquo;affecteront pas les commandes d\u00e9j\u00e0 pass\u00e9es. Les remboursements ne sont accord\u00e9s que dans des circonstances sp\u00e9cifiques, par exemple si nous ne fournissons pas le service tel qu&rsquo;il a \u00e9t\u00e9 d\u00e9crit.  <\/p>\t\t\t\t\t\t\t\t<\/div>\n\t\t\t\t<\/div>\n\t\t\t\t<div class=\"elementor-element elementor-element-54662a3 elementor-widget elementor-widget-heading\" data-id=\"54662a3\" data-element_type=\"widget\" data-e-type=\"widget\" data-widget_type=\"heading.default\">\n\t\t\t\t<div class=\"elementor-widget-container\">\n\t\t\t\t\t<h2 class=\"elementor-heading-title elementor-size-default\">Livraison et traitement<\/h2>\t\t\t\t<\/div>\n\t\t\t\t<\/div>\n\t\t\t\t<div class=\"elementor-element elementor-element-9adacd8 elementor-widget elementor-widget-text-editor\" data-id=\"9adacd8\" data-element_type=\"widget\" data-e-type=\"widget\" data-widget_type=\"text-editor.default\">\n\t\t\t\t<div class=\"elementor-widget-container\">\n\t\t\t\t\t\t\t\t\t<p>Nous nous effor\u00e7ons de livrer les traductions dans les d\u00e9lais impartis. Toutefois, des retards peuvent survenir en raison de circonstances impr\u00e9vues. One Click Japan n&rsquo;est pas responsable des pertes r\u00e9sultant de ces retards.  <\/p>\t\t\t\t\t\t\t\t<\/div>\n\t\t\t\t<\/div>\n\t\t\t\t<div class=\"elementor-element elementor-element-c3aae41 elementor-widget elementor-widget-heading\" data-id=\"c3aae41\" data-element_type=\"widget\" data-e-type=\"widget\" data-widget_type=\"heading.default\">\n\t\t\t\t<div class=\"elementor-widget-container\">\n\t\t\t\t\t<h2 class=\"elementor-heading-title elementor-size-default\">Protection des donn\u00e9es<\/h2>\t\t\t\t<\/div>\n\t\t\t\t<\/div>\n\t\t\t\t<div class=\"elementor-element elementor-element-9090679 elementor-widget elementor-widget-text-editor\" data-id=\"9090679\" data-element_type=\"widget\" data-e-type=\"widget\" data-widget_type=\"text-editor.default\">\n\t\t\t\t<div class=\"elementor-widget-container\">\n\t\t\t\t\t\t\t\t\t<p>Vos informations personnelles sont prot\u00e9g\u00e9es conform\u00e9ment \u00e0 notre politique de confidentialit\u00e9. En utilisant nos services, vous acceptez la collecte et l&rsquo;utilisation de vos donn\u00e9es comme indiqu\u00e9 dans notre politique de confidentialit\u00e9. <\/p>\t\t\t\t\t\t\t\t<\/div>\n\t\t\t\t<\/div>\n\t\t\t\t<div class=\"elementor-element elementor-element-0ac3ecb elementor-widget elementor-widget-heading\" data-id=\"0ac3ecb\" data-element_type=\"widget\" data-e-type=\"widget\" data-widget_type=\"heading.default\">\n\t\t\t\t<div class=\"elementor-widget-container\">\n\t\t\t\t\t<h2 class=\"elementor-heading-title elementor-size-default\">Limitation de la responsabilit\u00e9<\/h2>\t\t\t\t<\/div>\n\t\t\t\t<\/div>\n\t\t\t\t<div class=\"elementor-element elementor-element-3e609d4 elementor-widget elementor-widget-text-editor\" data-id=\"3e609d4\" data-element_type=\"widget\" data-e-type=\"widget\" data-widget_type=\"text-editor.default\">\n\t\t\t\t<div class=\"elementor-widget-container\">\n\t\t\t\t\t\t\t\t\t<p>One Click Japan n&rsquo;est pas responsable des dommages directs, indirects ou accessoires r\u00e9sultant de l&rsquo;utilisation ou de l&rsquo;impossibilit\u00e9 d&rsquo;utiliser nos services, m\u00eame si nous avons \u00e9t\u00e9 inform\u00e9s de la possibilit\u00e9 de tels dommages.<\/p>\t\t\t\t\t\t\t\t<\/div>\n\t\t\t\t<\/div>\n\t\t\t\t<div class=\"elementor-element elementor-element-65f44ca elementor-widget elementor-widget-heading\" data-id=\"65f44ca\" data-element_type=\"widget\" data-e-type=\"widget\" data-widget_type=\"heading.default\">\n\t\t\t\t<div class=\"elementor-widget-container\">\n\t\t\t\t\t<h2 class=\"elementor-heading-title elementor-size-default\">Droit applicable<\/h2>\t\t\t\t<\/div>\n\t\t\t\t<\/div>\n\t\t\t\t<div class=\"elementor-element elementor-element-962d479 elementor-widget elementor-widget-text-editor\" data-id=\"962d479\" data-element_type=\"widget\" data-e-type=\"widget\" data-widget_type=\"text-editor.default\">\n\t\t\t\t<div class=\"elementor-widget-container\">\n\t\t\t\t\t\t\t\t\t<p>Les pr\u00e9sentes conditions g\u00e9n\u00e9rales sont r\u00e9gies et interpr\u00e9t\u00e9es conform\u00e9ment aux lois du Japon. Tout litige d\u00e9coulant de ces conditions sera r\u00e9solu par la juridiction japonaise. <\/p>\t\t\t\t\t\t\t\t<\/div>\n\t\t\t\t<\/div>\n\t\t\t\t<div class=\"elementor-element elementor-element-bd2c7a9 elementor-widget elementor-widget-heading\" data-id=\"bd2c7a9\" data-element_type=\"widget\" data-e-type=\"widget\" data-widget_type=\"heading.default\">\n\t\t\t\t<div class=\"elementor-widget-container\">\n\t\t\t\t\t<h2 class=\"elementor-heading-title elementor-size-default\">Modifications des conditions<\/h2>\t\t\t\t<\/div>\n\t\t\t\t<\/div>\n\t\t\t\t<div class=\"elementor-element elementor-element-1967fe6 elementor-widget elementor-widget-text-editor\" data-id=\"1967fe6\" data-element_type=\"widget\" data-e-type=\"widget\" data-widget_type=\"text-editor.default\">\n\t\t\t\t<div class=\"elementor-widget-container\">\n\t\t\t\t\t\t\t\t\t<p><\/p><p><\/p><p>Nous nous r\u00e9servons le droit de modifier ces conditions \u00e0 tout moment. Toute modification sera publi\u00e9e sur cette page et votre utilisation continue de nos services constitue une acceptation des conditions mises \u00e0 jour. <\/p><p> <\/p><p><\/p>\t\t\t\t\t\t\t\t<\/div>\n\t\t\t\t<\/div>\n\t\t\t\t<div class=\"elementor-element elementor-element-cc34acc elementor-widget elementor-widget-heading\" data-id=\"cc34acc\" data-element_type=\"widget\" data-e-type=\"widget\" data-widget_type=\"heading.default\">\n\t\t\t\t<div class=\"elementor-widget-container\">\n\t\t\t\t\t<h2 class=\"elementor-heading-title elementor-size-default\">Informations sur le contact<\/h2>\t\t\t\t<\/div>\n\t\t\t\t<\/div>\n\t\t\t\t<div class=\"elementor-element elementor-element-94105b7 elementor-widget elementor-widget-text-editor\" data-id=\"94105b7\" data-element_type=\"widget\" data-e-type=\"widget\" data-widget_type=\"text-editor.default\">\n\t\t\t\t<div class=\"elementor-widget-container\">\n\t\t\t\t\t\t\t\t\t<p><\/p><p><\/p><p>Pour toute question ou pr\u00e9occupation concernant ces termes et conditions, veuillez <a href=\"https:\/\/license.oneclickjapan.com\/fr\/contactez-nous\/\">nous contacter<\/a><\/p><p><\/p>\t\t\t\t\t\t\t\t<\/div>\n\t\t\t\t<\/div>\n\t\t\t\t\t<\/div>\n\t\t\t\t<\/div>\n\t\t\t\t<\/div>\n\t\t","protected":false},"excerpt":{"rendered":"<p>Introduction Chez One Click Japan, la protection de votre vie priv\u00e9e est notre priorit\u00e9 absolue. Cette politique d\u00e9crit la mani\u00e8re dont nous recueillons, utilisons et prot\u00e9geons vos informations personnelles lorsque vous utilisez nos services. Aper\u00e7u des services One Click Japan propose des traductions certifi\u00e9es de permis de conduire \u00e9trangers en japonais. Nos services s&rsquo;adressent aux [&hellip;]<\/p>\n","protected":false},"author":2,"featured_media":0,"parent":0,"menu_order":0,"comment_status":"closed","ping_status":"closed","template":"elementor_header_footer","meta":{"footnotes":""},"class_list":["post-912","page","type-page","status-publish","hentry"],"_links":{"self":[{"href":"https:\/\/license.oneclickjapan.com\/fr\/wp-json\/wp\/v2\/pages\/912","targetHints":{"allow":["GET"]}}],"collection":[{"href":"https:\/\/license.oneclickjapan.com\/fr\/wp-json\/wp\/v2\/pages"}],"about":[{"href":"https:\/\/license.oneclickjapan.com\/fr\/wp-json\/wp\/v2\/types\/page"}],"author":[{"embeddable":true,"href":"https:\/\/license.oneclickjapan.com\/fr\/wp-json\/wp\/v2\/users\/2"}],"replies":[{"embeddable":true,"href":"https:\/\/license.oneclickjapan.com\/fr\/wp-json\/wp\/v2\/comments?post=912"}],"version-history":[{"count":2,"href":"https:\/\/license.oneclickjapan.com\/fr\/wp-json\/wp\/v2\/pages\/912\/revisions"}],"predecessor-version":[{"id":1412,"href":"https:\/\/license.oneclickjapan.com\/fr\/wp-json\/wp\/v2\/pages\/912\/revisions\/1412"}],"wp:attachment":[{"href":"https:\/\/license.oneclickjapan.com\/fr\/wp-json\/wp\/v2\/media?parent=912"}],"curies":[{"name":"wp","href":"https:\/\/api.w.org\/{rel}","templated":true}]}}