{"id":924,"date":"2024-09-04T14:38:03","date_gmt":"2024-09-04T14:38:03","guid":{"rendered":"https:\/\/license.oneclickjapan.com\/clause-de-non-responsabilite\/"},"modified":"2025-01-31T09:48:51","modified_gmt":"2025-01-31T09:48:51","slug":"clause-de-non-responsabilite","status":"publish","type":"page","link":"https:\/\/license.oneclickjapan.com\/fr\/clause-de-non-responsabilite\/","title":{"rendered":"Clause de non-responsabilit\u00e9"},"content":{"rendered":"\t\t<div data-elementor-type=\"wp-page\" data-elementor-id=\"924\" class=\"elementor elementor-924 elementor-675\" data-elementor-post-type=\"page\">\n\t\t\t\t<div class=\"elementor-element elementor-element-34edd63 e-flex e-con-boxed e-con e-parent\" data-id=\"34edd63\" data-element_type=\"container\" data-e-type=\"container\">\n\t\t\t\t\t<div class=\"e-con-inner\">\n\t\t\t\t\t<\/div>\n\t\t\t\t<\/div>\n\t\t<div class=\"elementor-element elementor-element-a7a6517 e-flex e-con-boxed e-con e-parent\" data-id=\"a7a6517\" data-element_type=\"container\" data-e-type=\"container\">\n\t\t\t\t\t<div class=\"e-con-inner\">\n\t\t\t\t<div class=\"elementor-element elementor-element-20719e9 elementor-widget elementor-widget-text-editor\" data-id=\"20719e9\" data-element_type=\"widget\" data-e-type=\"widget\" data-widget_type=\"text-editor.default\">\n\t\t\t\t<div class=\"elementor-widget-container\">\n\t\t\t\t\t\t\t\t\t<p>Japan Driving fournit des traductions certifi\u00e9es de permis de conduire \u00e0 utiliser au Japon. Bien que nous nous efforcions d&rsquo;\u00eatre pr\u00e9cis et de respecter les r\u00e9glementations locales, nos traductions ne garantissent pas l&rsquo;approbation de votre permis par les autorit\u00e9s japonaises. L&rsquo;utilisation de nos services se fait \u00e0 vos propres risques et nous ne sommes pas responsables des pertes directes ou indirectes r\u00e9sultant de l&rsquo;utilisation de nos traductions. En utilisant nos services, vous acceptez ces conditions et reconnaissez qu&rsquo;il est de votre responsabilit\u00e9 de v\u00e9rifier l&rsquo;acceptation de nos traductions aupr\u00e8s des autorit\u00e9s comp\u00e9tentes.   <\/p>\n\t\t\t\t\t\t\t\t<\/div>\n\t\t\t\t<\/div>\n\t\t\t\t\t<\/div>\n\t\t\t\t<\/div>\n\t\t\t\t<\/div>\n\t\t","protected":false},"excerpt":{"rendered":"<p>Japan Driving fournit des traductions certifi\u00e9es de permis de conduire \u00e0 utiliser au Japon. Bien que nous nous efforcions d&rsquo;\u00eatre pr\u00e9cis et de respecter les r\u00e9glementations locales, nos traductions ne garantissent pas l&rsquo;approbation de votre permis par les autorit\u00e9s japonaises. L&rsquo;utilisation de nos services se fait \u00e0 vos propres risques et nous ne sommes pas [&hellip;]<\/p>\n","protected":false},"author":2,"featured_media":0,"parent":0,"menu_order":0,"comment_status":"closed","ping_status":"closed","template":"elementor_header_footer","meta":{"footnotes":""},"class_list":["post-924","page","type-page","status-publish","hentry"],"_links":{"self":[{"href":"https:\/\/license.oneclickjapan.com\/fr\/wp-json\/wp\/v2\/pages\/924","targetHints":{"allow":["GET"]}}],"collection":[{"href":"https:\/\/license.oneclickjapan.com\/fr\/wp-json\/wp\/v2\/pages"}],"about":[{"href":"https:\/\/license.oneclickjapan.com\/fr\/wp-json\/wp\/v2\/types\/page"}],"author":[{"embeddable":true,"href":"https:\/\/license.oneclickjapan.com\/fr\/wp-json\/wp\/v2\/users\/2"}],"replies":[{"embeddable":true,"href":"https:\/\/license.oneclickjapan.com\/fr\/wp-json\/wp\/v2\/comments?post=924"}],"version-history":[{"count":3,"href":"https:\/\/license.oneclickjapan.com\/fr\/wp-json\/wp\/v2\/pages\/924\/revisions"}],"predecessor-version":[{"id":944,"href":"https:\/\/license.oneclickjapan.com\/fr\/wp-json\/wp\/v2\/pages\/924\/revisions\/944"}],"wp:attachment":[{"href":"https:\/\/license.oneclickjapan.com\/fr\/wp-json\/wp\/v2\/media?parent=924"}],"curies":[{"name":"wp","href":"https:\/\/api.w.org\/{rel}","templated":true}]}}