{"id":917,"date":"2024-09-04T14:37:32","date_gmt":"2024-09-04T14:37:32","guid":{"rendered":"https:\/\/license.oneclickjapan.com\/termini-e-condizioni\/"},"modified":"2025-05-05T04:22:39","modified_gmt":"2025-05-05T04:22:39","slug":"termini-e-condizioni","status":"publish","type":"page","link":"https:\/\/license.oneclickjapan.com\/it\/termini-e-condizioni\/","title":{"rendered":"Termini e condizioni"},"content":{"rendered":"<style>.elementor-917 .elementor-element.elementor-element-0e8d9f4{--display:flex;}.elementor-917 .elementor-element.elementor-element-2f7cc40{text-align:center;}.elementor-917 .elementor-element.elementor-element-2f7cc40 > .elementor-widget-container{margin:50px 50px 50px 50px;}.elementor-917 .elementor-element.elementor-element-47c2ea4{--display:flex;--padding-top:50px;--padding-bottom:50px;--padding-left:50px;--padding-right:50px;}.elementor-917 .elementor-element.elementor-element-f5e105f .elementor-heading-title{font-size:30px;}.elementor-917 .elementor-element.elementor-element-3345ed0 .elementor-heading-title{font-size:30px;}.elementor-917 .elementor-element.elementor-element-93419dd .elementor-heading-title{font-size:30px;}.elementor-917 .elementor-element.elementor-element-47a0099 .elementor-heading-title{font-size:30px;}.elementor-917 .elementor-element.elementor-element-54662a3 .elementor-heading-title{font-size:30px;}.elementor-917 .elementor-element.elementor-element-c3aae41 .elementor-heading-title{font-size:30px;}.elementor-917 .elementor-element.elementor-element-0ac3ecb .elementor-heading-title{font-size:30px;}.elementor-917 .elementor-element.elementor-element-65f44ca .elementor-heading-title{font-size:30px;}.elementor-917 .elementor-element.elementor-element-bd2c7a9 .elementor-heading-title{font-size:30px;}.elementor-917 .elementor-element.elementor-element-cc34acc .elementor-heading-title{font-size:30px;}<\/style>\t\t<div data-elementor-type=\"wp-page\" data-elementor-id=\"917\" class=\"elementor elementor-917 elementor-674\" data-elementor-post-type=\"page\">\n\t\t\t\t<div class=\"elementor-element elementor-element-0e8d9f4 e-flex e-con-boxed e-con e-parent\" data-id=\"0e8d9f4\" data-element_type=\"container\" data-e-type=\"container\">\n\t\t\t\t\t<div class=\"e-con-inner\">\n\t\t\t\t\t<\/div>\n\t\t\t\t<\/div>\n\t\t<div class=\"elementor-element elementor-element-47c2ea4 e-flex e-con-boxed e-con e-parent\" data-id=\"47c2ea4\" data-element_type=\"container\" data-e-type=\"container\">\n\t\t\t\t\t<div class=\"e-con-inner\">\n\t\t\t\t<div class=\"elementor-element elementor-element-f5e105f elementor-widget elementor-widget-heading\" data-id=\"f5e105f\" data-element_type=\"widget\" data-e-type=\"widget\" data-widget_type=\"heading.default\">\n\t\t\t\t<div class=\"elementor-widget-container\">\n\t\t\t\t\t<h2 class=\"elementor-heading-title elementor-size-default\">Introduzione<\/h2>\t\t\t\t<\/div>\n\t\t\t\t<\/div>\n\t\t\t\t<div class=\"elementor-element elementor-element-46be85e elementor-widget elementor-widget-text-editor\" data-id=\"46be85e\" data-element_type=\"widget\" data-e-type=\"widget\" data-widget_type=\"text-editor.default\">\n\t\t\t\t<div class=\"elementor-widget-container\">\n\t\t\t\t\t\t\t\t\t<p>Per One Click Japan la tua privacy \u00e8 una priorit\u00e0 assoluta. La presente informativa illustra le modalit\u00e0 di raccolta, utilizzo e protezione dei tuoi dati personali quando utilizzi i nostri servizi. <\/p>\t\t\t\t\t\t\t\t<\/div>\n\t\t\t\t<\/div>\n\t\t\t\t<div class=\"elementor-element elementor-element-3345ed0 elementor-widget elementor-widget-heading\" data-id=\"3345ed0\" data-element_type=\"widget\" data-e-type=\"widget\" data-widget_type=\"heading.default\">\n\t\t\t\t<div class=\"elementor-widget-container\">\n\t\t\t\t\t<h2 class=\"elementor-heading-title elementor-size-default\">Panoramica del servizio<\/h2>\t\t\t\t<\/div>\n\t\t\t\t<\/div>\n\t\t\t\t<div class=\"elementor-element elementor-element-4c64ae7 elementor-widget elementor-widget-text-editor\" data-id=\"4c64ae7\" data-element_type=\"widget\" data-e-type=\"widget\" data-widget_type=\"text-editor.default\">\n\t\t\t\t<div class=\"elementor-widget-container\">\n\t\t\t\t\t\t\t\t\t<p>One Click Japan offre traduzioni certificate di patenti di guida straniere in giapponese. I nostri servizi sono rivolti alle persone che hanno bisogno di tradurre la propria patente e di farla riconoscere dalle autorit\u00e0 giapponesi. <\/p>\t\t\t\t\t\t\t\t<\/div>\n\t\t\t\t<\/div>\n\t\t\t\t<div class=\"elementor-element elementor-element-93419dd elementor-widget elementor-widget-heading\" data-id=\"93419dd\" data-element_type=\"widget\" data-e-type=\"widget\" data-widget_type=\"heading.default\">\n\t\t\t\t<div class=\"elementor-widget-container\">\n\t\t\t\t\t<h2 class=\"elementor-heading-title elementor-size-default\">Responsabilit\u00e0 dell'utente<\/h2>\t\t\t\t<\/div>\n\t\t\t\t<\/div>\n\t\t\t\t<div class=\"elementor-element elementor-element-1df1758 elementor-widget elementor-widget-text-editor\" data-id=\"1df1758\" data-element_type=\"widget\" data-e-type=\"widget\" data-widget_type=\"text-editor.default\">\n\t\t\t\t<div class=\"elementor-widget-container\">\n\t\t\t\t\t\t\t\t\t<p>L&#8217;utente accetta di fornire informazioni accurate e complete quando utilizza i nostri servizi. Qualsiasi uso improprio dei nostri servizi, compresa la fornitura di informazioni false, \u00e8 vietato e pu\u00f2 comportare l&#8217;interruzione del servizio. <\/p>\t\t\t\t\t\t\t\t<\/div>\n\t\t\t\t<\/div>\n\t\t\t\t<div class=\"elementor-element elementor-element-47a0099 elementor-widget elementor-widget-heading\" data-id=\"47a0099\" data-element_type=\"widget\" data-e-type=\"widget\" data-widget_type=\"heading.default\">\n\t\t\t\t<div class=\"elementor-widget-container\">\n\t\t\t\t\t<h2 class=\"elementor-heading-title elementor-size-default\">Pagamenti e prezzi<\/h2>\t\t\t\t<\/div>\n\t\t\t\t<\/div>\n\t\t\t\t<div class=\"elementor-element elementor-element-090354a elementor-widget elementor-widget-text-editor\" data-id=\"090354a\" data-element_type=\"widget\" data-e-type=\"widget\" data-widget_type=\"text-editor.default\">\n\t\t\t\t<div class=\"elementor-widget-container\">\n\t\t\t\t\t\t\t\t\t<p>Tutti i pagamenti per i servizi devono essere effettuati in anticipo. I prezzi sono soggetti a variazioni senza preavviso, ma eventuali modifiche non influiranno sugli ordini gi\u00e0 effettuati. I rimborsi sono previsti solo in circostanze specifiche, ad esempio se non riusciamo a consegnare il servizio come descritto.  <\/p>\t\t\t\t\t\t\t\t<\/div>\n\t\t\t\t<\/div>\n\t\t\t\t<div class=\"elementor-element elementor-element-54662a3 elementor-widget elementor-widget-heading\" data-id=\"54662a3\" data-element_type=\"widget\" data-e-type=\"widget\" data-widget_type=\"heading.default\">\n\t\t\t\t<div class=\"elementor-widget-container\">\n\t\t\t\t\t<h2 class=\"elementor-heading-title elementor-size-default\">Consegna ed elaborazione<\/h2>\t\t\t\t<\/div>\n\t\t\t\t<\/div>\n\t\t\t\t<div class=\"elementor-element elementor-element-9adacd8 elementor-widget elementor-widget-text-editor\" data-id=\"9adacd8\" data-element_type=\"widget\" data-e-type=\"widget\" data-widget_type=\"text-editor.default\">\n\t\t\t\t<div class=\"elementor-widget-container\">\n\t\t\t\t\t\t\t\t\t<p>Ci impegniamo a consegnare le traduzioni entro i tempi previsti. Tuttavia, possono verificarsi ritardi dovuti a circostanze impreviste. One Click Japan non \u00e8 responsabile di eventuali perdite derivanti da tali ritardi.  <\/p>\t\t\t\t\t\t\t\t<\/div>\n\t\t\t\t<\/div>\n\t\t\t\t<div class=\"elementor-element elementor-element-c3aae41 elementor-widget elementor-widget-heading\" data-id=\"c3aae41\" data-element_type=\"widget\" data-e-type=\"widget\" data-widget_type=\"heading.default\">\n\t\t\t\t<div class=\"elementor-widget-container\">\n\t\t\t\t\t<h2 class=\"elementor-heading-title elementor-size-default\">Privacy dei dati<\/h2>\t\t\t\t<\/div>\n\t\t\t\t<\/div>\n\t\t\t\t<div class=\"elementor-element elementor-element-9090679 elementor-widget elementor-widget-text-editor\" data-id=\"9090679\" data-element_type=\"widget\" data-e-type=\"widget\" data-widget_type=\"text-editor.default\">\n\t\t\t\t<div class=\"elementor-widget-container\">\n\t\t\t\t\t\t\t\t\t<p>I tuoi dati personali sono protetti in conformit\u00e0 alla nostra Informativa sulla privacy. Utilizzando i nostri servizi, acconsenti alla raccolta e all&#8217;utilizzo dei tuoi dati come indicato nella nostra Informativa sulla privacy. <\/p>\t\t\t\t\t\t\t\t<\/div>\n\t\t\t\t<\/div>\n\t\t\t\t<div class=\"elementor-element elementor-element-0ac3ecb elementor-widget elementor-widget-heading\" data-id=\"0ac3ecb\" data-element_type=\"widget\" data-e-type=\"widget\" data-widget_type=\"heading.default\">\n\t\t\t\t<div class=\"elementor-widget-container\">\n\t\t\t\t\t<h2 class=\"elementor-heading-title elementor-size-default\">Limitazione di responsabilit\u00e0<\/h2>\t\t\t\t<\/div>\n\t\t\t\t<\/div>\n\t\t\t\t<div class=\"elementor-element elementor-element-3e609d4 elementor-widget elementor-widget-text-editor\" data-id=\"3e609d4\" data-element_type=\"widget\" data-e-type=\"widget\" data-widget_type=\"text-editor.default\">\n\t\t\t\t<div class=\"elementor-widget-container\">\n\t\t\t\t\t\t\t\t\t<p>One Click Japan non \u00e8 responsabile di alcun danno diretto, indiretto o incidentale derivante dall&#8217;uso o dall&#8217;impossibilit\u00e0 di usare i nostri servizi, anche se siamo stati avvisati della possibilit\u00e0 di tali danni.<\/p>\t\t\t\t\t\t\t\t<\/div>\n\t\t\t\t<\/div>\n\t\t\t\t<div class=\"elementor-element elementor-element-65f44ca elementor-widget elementor-widget-heading\" data-id=\"65f44ca\" data-element_type=\"widget\" data-e-type=\"widget\" data-widget_type=\"heading.default\">\n\t\t\t\t<div class=\"elementor-widget-container\">\n\t\t\t\t\t<h2 class=\"elementor-heading-title elementor-size-default\">Legge applicabile<\/h2>\t\t\t\t<\/div>\n\t\t\t\t<\/div>\n\t\t\t\t<div class=\"elementor-element elementor-element-962d479 elementor-widget elementor-widget-text-editor\" data-id=\"962d479\" data-element_type=\"widget\" data-e-type=\"widget\" data-widget_type=\"text-editor.default\">\n\t\t\t\t<div class=\"elementor-widget-container\">\n\t\t\t\t\t\t\t\t\t<p>I presenti termini e condizioni sono disciplinati e interpretati in conformit\u00e0 alle leggi del Giappone. Eventuali controversie derivanti da questi termini saranno risolte secondo la giurisdizione giapponese. <\/p>\t\t\t\t\t\t\t\t<\/div>\n\t\t\t\t<\/div>\n\t\t\t\t<div class=\"elementor-element elementor-element-bd2c7a9 elementor-widget elementor-widget-heading\" data-id=\"bd2c7a9\" data-element_type=\"widget\" data-e-type=\"widget\" data-widget_type=\"heading.default\">\n\t\t\t\t<div class=\"elementor-widget-container\">\n\t\t\t\t\t<h2 class=\"elementor-heading-title elementor-size-default\">Modifiche ai termini<\/h2>\t\t\t\t<\/div>\n\t\t\t\t<\/div>\n\t\t\t\t<div class=\"elementor-element elementor-element-1967fe6 elementor-widget elementor-widget-text-editor\" data-id=\"1967fe6\" data-element_type=\"widget\" data-e-type=\"widget\" data-widget_type=\"text-editor.default\">\n\t\t\t\t<div class=\"elementor-widget-container\">\n\t\t\t\t\t\t\t\t\t<p><\/p><p><\/p><p>Ci riserviamo il diritto di modificare questi termini e condizioni in qualsiasi momento. Eventuali modifiche saranno pubblicate su questa pagina e l&#8217;uso continuato dei nostri servizi costituisce l&#8217;accettazione dei termini aggiornati. <\/p><p> <\/p><p><\/p>\t\t\t\t\t\t\t\t<\/div>\n\t\t\t\t<\/div>\n\t\t\t\t<div class=\"elementor-element elementor-element-cc34acc elementor-widget elementor-widget-heading\" data-id=\"cc34acc\" data-element_type=\"widget\" data-e-type=\"widget\" data-widget_type=\"heading.default\">\n\t\t\t\t<div class=\"elementor-widget-container\">\n\t\t\t\t\t<h2 class=\"elementor-heading-title elementor-size-default\">Informazioni di contatto<\/h2>\t\t\t\t<\/div>\n\t\t\t\t<\/div>\n\t\t\t\t<div class=\"elementor-element elementor-element-94105b7 elementor-widget elementor-widget-text-editor\" data-id=\"94105b7\" data-element_type=\"widget\" data-e-type=\"widget\" data-widget_type=\"text-editor.default\">\n\t\t\t\t<div class=\"elementor-widget-container\">\n\t\t\t\t\t\t\t\t\t<p><\/p><p><\/p><p>Per qualsiasi domanda o dubbio in merito a questi termini e condizioni, ti preghiamo di <a href=\"https:\/\/license.oneclickjapan.com\/it\/contattaci\/\">contattarci<\/a><\/p><p><\/p>\t\t\t\t\t\t\t\t<\/div>\n\t\t\t\t<\/div>\n\t\t\t\t\t<\/div>\n\t\t\t\t<\/div>\n\t\t\t\t<\/div>\n\t\t","protected":false},"excerpt":{"rendered":"<p>Introduzione Per One Click Japan la tua privacy \u00e8 una priorit\u00e0 assoluta. La presente informativa illustra le modalit\u00e0 di raccolta, utilizzo e protezione dei tuoi dati personali quando utilizzi i nostri servizi. Panoramica del servizio One Click Japan offre traduzioni certificate di patenti di guida straniere in giapponese. I nostri servizi sono rivolti alle persone [&hellip;]<\/p>\n","protected":false},"author":2,"featured_media":0,"parent":0,"menu_order":0,"comment_status":"closed","ping_status":"closed","template":"elementor_header_footer","meta":{"footnotes":""},"class_list":["post-917","page","type-page","status-publish","hentry"],"_links":{"self":[{"href":"https:\/\/license.oneclickjapan.com\/it\/wp-json\/wp\/v2\/pages\/917","targetHints":{"allow":["GET"]}}],"collection":[{"href":"https:\/\/license.oneclickjapan.com\/it\/wp-json\/wp\/v2\/pages"}],"about":[{"href":"https:\/\/license.oneclickjapan.com\/it\/wp-json\/wp\/v2\/types\/page"}],"author":[{"embeddable":true,"href":"https:\/\/license.oneclickjapan.com\/it\/wp-json\/wp\/v2\/users\/2"}],"replies":[{"embeddable":true,"href":"https:\/\/license.oneclickjapan.com\/it\/wp-json\/wp\/v2\/comments?post=917"}],"version-history":[{"count":6,"href":"https:\/\/license.oneclickjapan.com\/it\/wp-json\/wp\/v2\/pages\/917\/revisions"}],"predecessor-version":[{"id":1410,"href":"https:\/\/license.oneclickjapan.com\/it\/wp-json\/wp\/v2\/pages\/917\/revisions\/1410"}],"wp:attachment":[{"href":"https:\/\/license.oneclickjapan.com\/it\/wp-json\/wp\/v2\/media?parent=917"}],"curies":[{"name":"wp","href":"https:\/\/api.w.org\/{rel}","templated":true}]}}