{"id":919,"date":"2024-09-04T14:38:03","date_gmt":"2024-09-04T14:38:03","guid":{"rendered":"https:\/\/license.oneclickjapan.com\/esclusione-di-responsabilita\/"},"modified":"2025-05-05T04:39:20","modified_gmt":"2025-05-05T04:39:20","slug":"esclusione-di-responsabilita","status":"publish","type":"page","link":"https:\/\/license.oneclickjapan.com\/it\/esclusione-di-responsabilita\/","title":{"rendered":"Esclusione di responsabilit\u00e0"},"content":{"rendered":"\t\t<div data-elementor-type=\"wp-page\" data-elementor-id=\"919\" class=\"elementor elementor-919 elementor-675\" data-elementor-post-type=\"page\">\n\t\t\t\t<div class=\"elementor-element elementor-element-34edd63 e-flex e-con-boxed e-con e-parent\" data-id=\"34edd63\" data-element_type=\"container\" data-e-type=\"container\">\n\t\t\t\t\t<div class=\"e-con-inner\">\n\t\t\t\t\t<\/div>\n\t\t\t\t<\/div>\n\t\t<div class=\"elementor-element elementor-element-a7a6517 e-flex e-con-boxed e-con e-parent\" data-id=\"a7a6517\" data-element_type=\"container\" data-e-type=\"container\">\n\t\t\t\t\t<div class=\"e-con-inner\">\n\t\t\t\t<div class=\"elementor-element elementor-element-20719e9 elementor-widget elementor-widget-text-editor\" data-id=\"20719e9\" data-element_type=\"widget\" data-e-type=\"widget\" data-widget_type=\"text-editor.default\">\n\t\t\t\t<div class=\"elementor-widget-container\">\n\t\t\t\t\t\t\t\t\t<h1>Esclusione di responsabilit\u00e0<\/h1><p>Ultimo aggiornamento: 05 maggio 2025<\/p><h2>Interpretazione e definizioni<\/h2><h3>Interpretazione<\/h3><p>Le parole la cui lettera iniziale \u00e8 maiuscola hanno il significato definito nelle seguenti condizioni.<br>Le seguenti definizioni hanno lo stesso significato indipendentemente dal fatto che appaiano al singolare o al plurale.<\/p><h3>Definizioni<\/h3><p>Ai fini del presente esonero di responsabilit\u00e0:<\/p><ul><li><strong>La Societ\u00e0<\/strong> (indicata come &#8220;la Societ\u00e0&#8221;, &#8220;Noi&#8221;, &#8220;Ci&#8221; o &#8220;Nostro&#8221; in questa dichiarazione di non responsabilit\u00e0) si riferisce a One Click Japan.<\/li><li>Il <strong>servizio<\/strong> si riferisce al sito web.<\/li><li>Per <strong>utente<\/strong> si intende la persona fisica che accede al Servizio, o la societ\u00e0 o altra persona giuridica per conto della quale tale persona accede o utilizza il Servizio, a seconda dei casi.<\/li><li><strong>Il sito web<\/strong> si riferisce a One Click Japan, accessibile da <a href=\"https:\/\/oneclickjapan.com\" target=\"_blank\" rel=\"external nofollow noopener\">https:\/\/oneclickjapan.com<\/a>.<\/li><\/ul><h2>Esclusione di responsabilit\u00e0<\/h2><p>Le informazioni contenute nel Servizio hanno uno scopo puramente informativo.<\/p><p>La Societ\u00e0 non si assume alcuna responsabilit\u00e0 per errori o omissioni nei contenuti del Servizio.<\/p><p>In nessun caso la Societ\u00e0 sar\u00e0 responsabile per danni speciali, diretti, indiretti, consequenziali o incidentali o per qualsiasi altro danno, sia in caso di azione contrattuale, negligenza o altro illecito, derivante da o in relazione all&#8217;uso del Servizio o dei contenuti del Servizio. La Societ\u00e0 si riserva il diritto di apportare aggiunte, eliminazioni o modifiche ai contenuti del Servizio in qualsiasi momento e senza preavviso. Questo Disclaimer \u00e8 stato creato con l&#8217;aiuto del <a href=\"https:\/\/www.termsfeed.com\/disclaimer-generator\/\" target=\"_blank\" rel=\"noopener\">Generatore di Disclaimer<\/a>.  <\/p><p>La Societ\u00e0 non garantisce che il Servizio sia privo di virus o di altri componenti dannosi.<\/p><h2>Disclaimer sui link esterni<\/h2><p>Il Servizio pu\u00f2 contenere link a siti web esterni che non sono forniti o gestiti da o in qualche modo affiliati alla Societ\u00e0.<\/p><p>Si prega di notare che la Societ\u00e0 non garantisce l&#8217;accuratezza, la rilevanza, la tempestivit\u00e0 o la completezza delle informazioni contenute in questi siti web esterni.<\/p><h2>Esclusione di responsabilit\u00e0 per errori e omissioni<\/h2><p>Le informazioni fornite dal Servizio sono solo di orientamento generale su argomenti di interesse. Anche se la Societ\u00e0 adotta ogni precauzione per garantire che il contenuto del Servizio sia aggiornato e accurato, possono verificarsi degli errori. Inoltre, data la natura mutevole di leggi, norme e regolamenti, potrebbero verificarsi ritardi, omissioni o imprecisioni nelle informazioni contenute nel Servizio.  <\/p><p>La Societ\u00e0 non \u00e8 responsabile di eventuali errori o omissioni, n\u00e9 dei risultati ottenuti dall&#8217;uso di queste informazioni.<\/p><h2>Disclaimer sull&#8217;uso corretto<\/h2><p>La Societ\u00e0 pu\u00f2 utilizzare materiale protetto da copyright che non \u00e8 sempre stato specificamente autorizzato dal proprietario del copyright. La Societ\u00e0 mette a disposizione tale materiale a scopo di critica, commento, informazione, insegnamento, studio o ricerca. <\/p><p>La Societ\u00e0 ritiene che questo costituisca un &#8220;uso corretto&#8221; di tale materiale protetto da copyright, come previsto dalla sezione 107 della legge sul copyright degli Stati Uniti.<\/p><p>Se l&#8217;Utente desidera utilizzare materiale protetto da copyright del Servizio per scopi personali che vadano oltre l&#8217;uso corretto, deve ottenere l&#8217;autorizzazione del proprietario del copyright.<\/p><h2>Opinioni espresse Disclaimer<\/h2><p>Il Servizio pu\u00f2 contenere opinioni e pareri che sono quelli degli autori e non riflettono necessariamente la politica o la posizione ufficiale di qualsiasi altro autore, agenzia, organizzazione, datore di lavoro o societ\u00e0, inclusa la Societ\u00e0.<\/p><p>I commenti pubblicati dagli utenti sono di loro esclusiva responsabilit\u00e0 e gli utenti stessi si assumono la piena responsabilit\u00e0 e la colpa di qualsiasi diffamazione o controversia che derivi da quanto scritto in un commento o come risultato diretto di un commento. La Societ\u00e0 non \u00e8 responsabile dei commenti pubblicati dagli utenti e si riserva il diritto di eliminare qualsiasi commento per qualsiasi motivo. <\/p><h2>Nessuna responsabilit\u00e0<\/h2><p>Le informazioni contenute nel Servizio sono fornite con la consapevolezza che la Societ\u00e0 non si occupa di fornire consulenza e servizi legali, contabili, fiscali o altri servizi professionali. In quanto tali, non devono essere utilizzate come sostituto della consultazione di consulenti professionali in materia contabile, fiscale, legale o di altra natura. <\/p><p>In nessun caso la Societ\u00e0 o i suoi fornitori saranno responsabili per danni speciali, incidentali, indiretti o consequenziali di qualsiasi tipo derivanti da o in relazione all&#8217;accesso o all&#8217;uso o all&#8217;impossibilit\u00e0 di accedere o utilizzare il Servizio.<\/p><h2>&#8220;Disclaimer &#8220;Usa a tuo rischio e pericolo<\/h2><p>Tutte le informazioni contenute nel Servizio sono fornite &#8220;cos\u00ec come sono&#8221;, senza alcuna garanzia di completezza, accuratezza, tempestivit\u00e0 o dei risultati ottenuti dall&#8217;uso di tali informazioni, e senza garanzie di alcun tipo, espresse o implicite, incluse, ma non solo, le garanzie di prestazione, commerciabilit\u00e0 e idoneit\u00e0 per uno scopo particolare.<\/p><p>La Societ\u00e0 non sar\u00e0 responsabile nei confronti dell&#8217;Utente o di chiunque altro per qualsiasi decisione presa o azione intrapresa sulla base delle informazioni fornite dal Servizio o per qualsiasi danno consequenziale, speciale o simile, anche se avvisata della possibilit\u00e0 di tali danni.<\/p><h2>Contattaci<\/h2><p>In caso di domande sulla presente clausola di esclusione della responsabilit\u00e0, l&#8217;utente pu\u00f2 contattarci:<\/p><ul><li>Per e-mail: info@oneclickjapan.com<\/li><\/ul>\t\t\t\t\t\t\t\t<\/div>\n\t\t\t\t<\/div>\n\t\t\t\t\t<\/div>\n\t\t\t\t<\/div>\n\t\t\t\t<\/div>\n\t\t","protected":false},"excerpt":{"rendered":"<p>Esclusione di responsabilit\u00e0 Ultimo aggiornamento: 05 maggio 2025 Interpretazione e definizioni Interpretazione Le parole la cui lettera iniziale \u00e8 maiuscola hanno il significato definito nelle seguenti condizioni.Le seguenti definizioni hanno lo stesso significato indipendentemente dal fatto che appaiano al singolare o al plurale. Definizioni Ai fini del presente esonero di responsabilit\u00e0: La Societ\u00e0 (indicata come [&hellip;]<\/p>\n","protected":false},"author":2,"featured_media":0,"parent":0,"menu_order":0,"comment_status":"closed","ping_status":"closed","template":"elementor_header_footer","meta":{"footnotes":""},"class_list":["post-919","page","type-page","status-publish","hentry"],"_links":{"self":[{"href":"https:\/\/license.oneclickjapan.com\/it\/wp-json\/wp\/v2\/pages\/919","targetHints":{"allow":["GET"]}}],"collection":[{"href":"https:\/\/license.oneclickjapan.com\/it\/wp-json\/wp\/v2\/pages"}],"about":[{"href":"https:\/\/license.oneclickjapan.com\/it\/wp-json\/wp\/v2\/types\/page"}],"author":[{"embeddable":true,"href":"https:\/\/license.oneclickjapan.com\/it\/wp-json\/wp\/v2\/users\/2"}],"replies":[{"embeddable":true,"href":"https:\/\/license.oneclickjapan.com\/it\/wp-json\/wp\/v2\/comments?post=919"}],"version-history":[{"count":4,"href":"https:\/\/license.oneclickjapan.com\/it\/wp-json\/wp\/v2\/pages\/919\/revisions"}],"predecessor-version":[{"id":1418,"href":"https:\/\/license.oneclickjapan.com\/it\/wp-json\/wp\/v2\/pages\/919\/revisions\/1418"}],"wp:attachment":[{"href":"https:\/\/license.oneclickjapan.com\/it\/wp-json\/wp\/v2\/media?parent=919"}],"curies":[{"name":"wp","href":"https:\/\/api.w.org\/{rel}","templated":true}]}}